{"id":1075,"date":"2026-01-12T19:52:51","date_gmt":"2026-01-12T19:52:51","guid":{"rendered":"https:\/\/perfect-home.ro\/?post_type=product&#038;p=1075"},"modified":"2026-02-05T11:36:24","modified_gmt":"2026-02-05T11:36:24","slug":"matrita-rama-foto-in-forma-de-inima","status":"publish","type":"product","link":"https:\/\/perfect-home.ro\/en\/product\/matrita-rama-foto-in-forma-de-inima\/","title":{"rendered":"Matrita rama foto in forma de inima"},"content":{"rendered":"<h2>Matrita rama foto in forma de inima<\/h2>\n<p data-start=\"184\" data-end=\"431\">Transform\u0103 amintirile speciale \u00eentr-un obiect decorativ elegant cu aceast\u0103 ram\u0103 foto \u00een form\u0103 de inim\u0103, ideal\u0103 pentru a exprima dragostea \u0219i aprecierea fa\u021b\u0103 de cei dragi. Designul modern \u0219i forma simbolic\u0103 o fac perfect\u0103 pentru cadouri memorabile.<\/p>\n<p data-start=\"433\" data-end=\"643\">Realizat\u0103 din material transparent de calitate, rama ofer\u0103 un efect vizual pl\u0103cut \u0219i pune \u00een valoare fotografia aleas\u0103. Este prev\u0103zut\u0103 cu suport stabil, fiind potrivit\u0103 pentru birou, raft, noptier\u0103 sau vitrin\u0103.<\/p>\n<h4 data-start=\"645\" data-end=\"665\">Caracteristici:<\/h4>\n<ul data-start=\"666\" data-end=\"936\">\n<li data-start=\"666\" data-end=\"682\">\n<p data-start=\"668\" data-end=\"682\">Form\u0103: inim\u0103<\/p>\n<\/li>\n<li data-start=\"683\" data-end=\"724\">\n<p data-start=\"685\" data-end=\"724\">Material: acril \/ plastic transparent<\/p>\n<\/li>\n<li data-start=\"725\" data-end=\"821\">\n<p data-start=\"727\" data-end=\"753\">Dimensiuni aproximative:<\/p>\n<ul data-start=\"756\" data-end=\"821\">\n<li data-start=\"756\" data-end=\"775\">\n<p data-start=\"758\" data-end=\"775\">\u00cen\u0103l\u021bime: 19 cm<\/p>\n<\/li>\n<li data-start=\"778\" data-end=\"797\">\n<p data-start=\"780\" data-end=\"797\">L\u0103\u021bime: 15,5 cm<\/p>\n<\/li>\n<li data-start=\"800\" data-end=\"821\">\n<p data-start=\"802\" data-end=\"821\">Baz\u0103 suport: 3 cm<\/p>\n<\/li>\n<\/ul>\n<\/li>\n<li data-start=\"822\" data-end=\"891\">\n<p data-start=\"824\" data-end=\"891\">Poate fi personalizat\u0103 cu fotografie (cadou ideal pentru cupluri)<\/p>\n<\/li>\n<li data-start=\"892\" data-end=\"936\">\n<p data-start=\"894\" data-end=\"936\">U\u0219or de integrat \u00een orice decor interior<\/p>\n<\/li>\n<\/ul>\n<h4 data-start=\"938\" data-end=\"962\">Recomandat\u0103 pentru:<\/h4>\n<ul data-start=\"963\" data-end=\"1081\">\n<li data-start=\"963\" data-end=\"991\">\n<p data-start=\"965\" data-end=\"991\">Cadou de Valentine\u2019s Day<\/p>\n<\/li>\n<li data-start=\"992\" data-end=\"1006\">\n<p data-start=\"994\" data-end=\"1006\">Anivers\u0103ri<\/p>\n<\/li>\n<li data-start=\"1007\" data-end=\"1026\">\n<p data-start=\"1009\" data-end=\"1026\">Zile de na\u0219tere<\/p>\n<\/li>\n<li data-start=\"1027\" data-end=\"1081\">\n<p data-start=\"1029\" data-end=\"1081\">Cadouri pentru cupluri, familie sau persoane dragi<\/p>\n<\/li>\n<\/ul>\n<p data-start=\"1083\" data-end=\"1172\">Un obiect decorativ simplu, dar plin de emo\u021bie, care p\u0103streaz\u0103 vie o amintire special\u0103<\/p>\n<p>Vezi \u0219i:\u00a0<a href=\"https:\/\/perfect-home.ro\/en\/categorii\/rasina-epoxidica\/\">R\u0103\u0219in\u0103 epoxidic\u0103 transparent\u0103<\/a><\/p>\n<p>Urm\u0103ri\u021bi-ne \u0219i pe:\u00a0<a href=\"https:\/\/www.facebook.com\/share\/1Gqno23cZH\/?mibextid=wwXIfr\" target=\"_blank\" rel=\"noopener\"><img decoding=\"async\" class=\"alignnone wp-image-714\" src=\"https:\/\/perfect-home.ro\/wp-content\/uploads\/2025\/11\/facebook-svgrepo-com1.svg\" alt=\"\" width=\"54\" height=\"54\" \/><\/a>\u00a0<a href=\"https:\/\/www.instagram.com\/perfect_home.ro?igsh=MWoxa2RsM3I3MHc2Zg%3D%3D&amp;utm_source=qr\" target=\"_blank\" rel=\"noopener\"><img decoding=\"async\" class=\"alignnone wp-image-713\" src=\"https:\/\/perfect-home.ro\/wp-content\/uploads\/2025\/11\/instagram-svgrepo-com1.svg\" alt=\"\" width=\"54\" height=\"54\" \/><\/a>\u00a0<a href=\"https:\/\/www.tiktok.com\/@perfecthome.ro?_r=1&amp;_t=ZN-91TdO6EBsjG\" target=\"_blank\" rel=\"noopener\"><img decoding=\"async\" class=\"alignnone wp-image-712\" src=\"https:\/\/perfect-home.ro\/wp-content\/uploads\/2025\/11\/tik-tok-svgrepo-com1.svg\" alt=\"\" width=\"54\" height=\"54\" \/><\/a><\/p>","protected":false},"excerpt":{"rendered":"<h2>Matrita rama foto in forma de inima<\/h2>\n<p data-start=\"184\" data-end=\"431\">Transform\u0103 amintirile speciale \u00eentr-un obiect decorativ elegant cu aceast\u0103 ram\u0103 foto \u00een form\u0103 de inim\u0103, ideal\u0103 pentru a exprima dragostea \u0219i aprecierea fa\u021b\u0103 de cei dragi. Designul modern \u0219i forma simbolic\u0103 o fac perfect\u0103 pentru cadouri memorabile.<\/p>","protected":false},"featured_media":1077,"comment_status":"open","ping_status":"closed","template":"","meta":[],"product_brand":[],"product_cat":[22],"product_tag":[],"class_list":{"0":"post-1075","1":"product","2":"type-product","3":"status-publish","4":"has-post-thumbnail","6":"product_cat-matrite-rasina-epoxidica","8":"first","9":"instock","10":"shipping-taxable","11":"purchasable","12":"product-type-simple"},"_links":{"self":[{"href":"https:\/\/perfect-home.ro\/en\/wp-json\/wp\/v2\/product\/1075","targetHints":{"allow":["GET"]}}],"collection":[{"href":"https:\/\/perfect-home.ro\/en\/wp-json\/wp\/v2\/product"}],"about":[{"href":"https:\/\/perfect-home.ro\/en\/wp-json\/wp\/v2\/types\/product"}],"replies":[{"embeddable":true,"href":"https:\/\/perfect-home.ro\/en\/wp-json\/wp\/v2\/comments?post=1075"}],"wp:featuredmedia":[{"embeddable":true,"href":"https:\/\/perfect-home.ro\/en\/wp-json\/wp\/v2\/media\/1077"}],"wp:attachment":[{"href":"https:\/\/perfect-home.ro\/en\/wp-json\/wp\/v2\/media?parent=1075"}],"wp:term":[{"taxonomy":"product_brand","embeddable":true,"href":"https:\/\/perfect-home.ro\/en\/wp-json\/wp\/v2\/product_brand?post=1075"},{"taxonomy":"product_cat","embeddable":true,"href":"https:\/\/perfect-home.ro\/en\/wp-json\/wp\/v2\/product_cat?post=1075"},{"taxonomy":"product_tag","embeddable":true,"href":"https:\/\/perfect-home.ro\/en\/wp-json\/wp\/v2\/product_tag?post=1075"}],"curies":[{"name":"wp","href":"https:\/\/api.w.org\/{rel}","templated":true}]}}