{"id":1131,"date":"2026-01-15T21:00:29","date_gmt":"2026-01-15T21:00:29","guid":{"rendered":"https:\/\/perfect-home.ro\/?post_type=product&#038;p=1131"},"modified":"2026-01-28T10:34:06","modified_gmt":"2026-01-28T10:34:06","slug":"matrita-silicon-semne-de-carte","status":"publish","type":"product","link":"https:\/\/perfect-home.ro\/en\/product\/matrita-silicon-semne-de-carte\/","title":{"rendered":"Matrita silicon semne de carte"},"content":{"rendered":"<h2>Matrita silicon semne de carte<\/h2>\n<p data-start=\"232\" data-end=\"508\">Creeaz\u0103 semne de carte elegante \u0219i personalizate cu acest <strong data-start=\"290\" data-end=\"320\">set de matri\u021be din silicon<\/strong>, ideal pentru proiecte DIY din r\u0103\u0219in\u0103 epoxidic\u0103 sau r\u0103\u0219in\u0103 UV. Setul este perfect at\u00e2t pentru pasiona\u021bii de handmade, c\u00e2t \u0219i pentru cei care doresc s\u0103 realizeze cadouri unice \u0219i creative.<\/p>\n<h3 data-start=\"510\" data-end=\"535\">\u2728 Con\u021binutul setului:<\/h3>\n<ul data-start=\"536\" data-end=\"754\">\n<li data-start=\"536\" data-end=\"609\">\n<p data-start=\"538\" data-end=\"609\"><strong data-start=\"538\" data-end=\"583\">Matri\u021be din silicon pentru semne de carte<\/strong> \u00een mai multe dimensiuni<\/p>\n<\/li>\n<li data-start=\"610\" data-end=\"670\">\n<p data-start=\"612\" data-end=\"670\"><strong data-start=\"612\" data-end=\"643\">Ciucuri decorative colorate<\/strong> pentru finisare elegant\u0103<\/p>\n<\/li>\n<li data-start=\"671\" data-end=\"754\">\n<p data-start=\"673\" data-end=\"754\"><strong data-start=\"673\" data-end=\"721\">Foi decorative cu flori \u0219i elemente naturale<\/strong> pentru personalizare artistic\u0103<\/p>\n<\/li>\n<\/ul>\n<hr data-start=\"756\" data-end=\"759\" \/>\n<h3 data-start=\"761\" data-end=\"783\">\ud83d\udd27 Caracteristici:<\/h3>\n<ul data-start=\"784\" data-end=\"969\">\n<li data-start=\"784\" data-end=\"835\">\n<p data-start=\"786\" data-end=\"835\">Silicon de \u00eenalt\u0103 calitate, flexibil \u0219i durabil<\/p>\n<\/li>\n<li data-start=\"836\" data-end=\"871\">\n<p data-start=\"838\" data-end=\"871\">Demulare u\u0219oar\u0103, f\u0103r\u0103 deformare<\/p>\n<\/li>\n<li data-start=\"872\" data-end=\"908\">\n<p data-start=\"874\" data-end=\"908\">Reutilizabile \u0219i u\u0219or de cur\u0103\u021bat<\/p>\n<\/li>\n<li data-start=\"909\" data-end=\"969\">\n<p data-start=\"911\" data-end=\"969\">Suprafa\u021b\u0103 neted\u0103 pentru un finisaj lucios \u0219i profesional<\/p>\n<\/li>\n<\/ul>\n<hr data-start=\"971\" data-end=\"974\" \/>\n<h3 data-start=\"976\" data-end=\"993\">\ud83c\udfa8 Utilizare:<\/h3>\n<p data-start=\"994\" data-end=\"1021\">Ideal pentru realizarea de:<\/p>\n<ul data-start=\"1022\" data-end=\"1193\">\n<li data-start=\"1022\" data-end=\"1054\">\n<p data-start=\"1024\" data-end=\"1054\">semne de carte personalizate<\/p>\n<\/li>\n<li data-start=\"1055\" data-end=\"1075\">\n<p data-start=\"1057\" data-end=\"1075\">cadouri handmade<\/p>\n<\/li>\n<li data-start=\"1076\" data-end=\"1144\">\n<p data-start=\"1078\" data-end=\"1144\">obiecte decorative cu flori uscate, foi\u021be, pigmen\u021bi sau sclipici<\/p>\n<\/li>\n<li data-start=\"1145\" data-end=\"1193\">\n<p data-start=\"1147\" data-end=\"1193\">proiecte creative DIY pentru copii \u0219i adul\u021bi<\/p>\n<\/li>\n<\/ul>\n<p data-start=\"1195\" data-end=\"1357\">Po\u021bi ad\u0103uga flori uscate, inser\u021bii decorative, pigmen\u021bi de culoare, sclipici sau alte elemente creative pentru a ob\u021bine semne de carte unice, exact pe gustul t\u0103u.<\/p>\n<hr data-start=\"1359\" data-end=\"1362\" \/>\n<h3 data-start=\"1364\" data-end=\"1396\">\ud83d\udca1 De ce s\u0103 alegi acest set?<\/h3>\n<p data-start=\"1397\" data-end=\"1511\">\u2714 Design simplu \u0219i elegant<br data-start=\"1423\" data-end=\"1426\" \/>\u2714 Creativitate nelimitat\u0103<br data-start=\"1451\" data-end=\"1454\" \/>\u2714 Potrivit pentru uz personal sau mici afaceri handmade<\/p>\n<p>Vezi \u0219i:\u00a0<a href=\"https:\/\/perfect-home.ro\/en\/categorii\/rasina-epoxidica\/\">R\u0103\u0219in\u0103 epoxidic\u0103 transparent\u0103<\/a><\/p>\n<p>Urm\u0103ri\u021bi-ne \u0219i pe:\u00a0<a href=\"https:\/\/www.facebook.com\/share\/1Gqno23cZH\/?mibextid=wwXIfr\" target=\"_blank\" rel=\"noopener\"><img decoding=\"async\" class=\"alignnone wp-image-714\" src=\"https:\/\/perfect-home.ro\/wp-content\/uploads\/2025\/11\/facebook-svgrepo-com1.svg\" alt=\"\" width=\"54\" height=\"54\" \/><\/a>\u00a0<a href=\"https:\/\/www.instagram.com\/perfect_home.ro?igsh=MWoxa2RsM3I3MHc2Zg%3D%3D&amp;utm_source=qr\" target=\"_blank\" rel=\"noopener\"><img decoding=\"async\" class=\"alignnone wp-image-713\" src=\"https:\/\/perfect-home.ro\/wp-content\/uploads\/2025\/11\/instagram-svgrepo-com1.svg\" alt=\"\" width=\"54\" height=\"54\" \/><\/a>\u00a0<a href=\"https:\/\/www.tiktok.com\/@perfecthome.ro?_r=1&amp;_t=ZN-91TdO6EBsjG\" target=\"_blank\" rel=\"noopener\"><img decoding=\"async\" class=\"alignnone wp-image-712\" src=\"https:\/\/perfect-home.ro\/wp-content\/uploads\/2025\/11\/tik-tok-svgrepo-com1.svg\" alt=\"\" width=\"54\" height=\"54\" \/><\/a><\/p>","protected":false},"excerpt":{"rendered":"<h2>Matrita silicon semne de carte<\/h2>\n<p data-start=\"232\" data-end=\"508\">Creeaz\u0103 semne de carte elegante \u0219i personalizate cu acest <strong data-start=\"290\" data-end=\"320\">set de matri\u021be din silicon<\/strong>, ideal pentru proiecte DIY din r\u0103\u0219in\u0103 epoxidic\u0103 sau r\u0103\u0219in\u0103 UV. Setul este perfect at\u00e2t pentru pasiona\u021bii de handmade, c\u00e2t \u0219i pentru cei care doresc s\u0103 realizeze cadouri unice \u0219i creative.<\/p>","protected":false},"featured_media":1132,"comment_status":"open","ping_status":"closed","template":"","meta":[],"product_brand":[],"product_cat":[22],"product_tag":[],"class_list":{"0":"post-1131","1":"product","2":"type-product","3":"status-publish","4":"has-post-thumbnail","6":"product_cat-matrite-rasina-epoxidica","8":"first","9":"outofstock","10":"shipping-taxable","11":"purchasable","12":"product-type-simple"},"_links":{"self":[{"href":"https:\/\/perfect-home.ro\/en\/wp-json\/wp\/v2\/product\/1131","targetHints":{"allow":["GET"]}}],"collection":[{"href":"https:\/\/perfect-home.ro\/en\/wp-json\/wp\/v2\/product"}],"about":[{"href":"https:\/\/perfect-home.ro\/en\/wp-json\/wp\/v2\/types\/product"}],"replies":[{"embeddable":true,"href":"https:\/\/perfect-home.ro\/en\/wp-json\/wp\/v2\/comments?post=1131"}],"wp:featuredmedia":[{"embeddable":true,"href":"https:\/\/perfect-home.ro\/en\/wp-json\/wp\/v2\/media\/1132"}],"wp:attachment":[{"href":"https:\/\/perfect-home.ro\/en\/wp-json\/wp\/v2\/media?parent=1131"}],"wp:term":[{"taxonomy":"product_brand","embeddable":true,"href":"https:\/\/perfect-home.ro\/en\/wp-json\/wp\/v2\/product_brand?post=1131"},{"taxonomy":"product_cat","embeddable":true,"href":"https:\/\/perfect-home.ro\/en\/wp-json\/wp\/v2\/product_cat?post=1131"},{"taxonomy":"product_tag","embeddable":true,"href":"https:\/\/perfect-home.ro\/en\/wp-json\/wp\/v2\/product_tag?post=1131"}],"curies":[{"name":"wp","href":"https:\/\/api.w.org\/{rel}","templated":true}]}}