{"id":1144,"date":"2026-01-15T21:21:02","date_gmt":"2026-01-15T21:21:02","guid":{"rendered":"https:\/\/perfect-home.ro\/?post_type=product&#038;p=1144"},"modified":"2026-01-15T21:21:02","modified_gmt":"2026-01-15T21:21:02","slug":"matrita-de-silicon-pentru-set-coastere-cu-suport-patrat","status":"publish","type":"product","link":"https:\/\/perfect-home.ro\/en\/product\/matrita-de-silicon-pentru-set-coastere-cu-suport-patrat\/","title":{"rendered":"Matrita de silicon pentru set coastere cu suport patrat"},"content":{"rendered":"<h2>Matrita de silicon pentru set coastere cu suport patrat<\/h2>\n<p data-start=\"62\" data-end=\"361\">Aceast\u0103 matri\u021b\u0103 din silicon este ideal\u0103 pentru realizarea unui set complet de coastere p\u0103trate, \u00eempreun\u0103 cu suportul dedicat, oferind un rezultat elegant \u0219i practic. Perfect\u0103 pentru proiecte handmade, permite ob\u021binerea unor suporturi moderne pentru pahare, cu finisaj neted \u0219i margini bine definite.<\/p>\n<p data-start=\"363\" data-end=\"385\">\ud83d\udd39 <strong data-start=\"366\" data-end=\"383\">Con\u021binut set:<\/strong><\/p>\n<ul data-start=\"386\" data-end=\"461\">\n<li data-start=\"386\" data-end=\"421\">\n<p data-start=\"388\" data-end=\"421\">matri\u021b\u0103 pentru coastere p\u0103trate<\/p>\n<\/li>\n<li data-start=\"422\" data-end=\"461\">\n<p data-start=\"424\" data-end=\"461\">matri\u021b\u0103 pentru suport p\u0103trat (holder)<\/p>\n<\/li>\n<\/ul>\n<p data-start=\"463\" data-end=\"564\">\ud83d\udd39 <strong data-start=\"466\" data-end=\"479\">Material:<\/strong> silicon de \u00eenalt\u0103 calitate, flexibil \u0219i rezistent<br data-start=\"529\" data-end=\"532\" \/>\ud83d\udd39 <strong data-start=\"535\" data-end=\"547\">Culoare:<\/strong> alb translucid<\/p>\n<p data-start=\"566\" data-end=\"585\">\ud83d\udd39 <strong data-start=\"569\" data-end=\"583\">Utilizare:<\/strong><\/p>\n<ul data-start=\"586\" data-end=\"707\">\n<li data-start=\"586\" data-end=\"606\">\n<p data-start=\"588\" data-end=\"606\">r\u0103\u0219in\u0103 epoxidic\u0103<\/p>\n<\/li>\n<li data-start=\"607\" data-end=\"641\">\n<p data-start=\"609\" data-end=\"641\">ipsos, ciment decorativ, beton<\/p>\n<\/li>\n<li data-start=\"642\" data-end=\"665\">\n<p data-start=\"644\" data-end=\"665\">s\u0103punuri artizanale<\/p>\n<\/li>\n<li data-start=\"666\" data-end=\"707\">\n<p data-start=\"668\" data-end=\"707\">alte materiale de turnare compatibile<\/p>\n<\/li>\n<\/ul>\n<p data-start=\"709\" data-end=\"933\">\ud83d\udd39 <strong data-start=\"712\" data-end=\"731\">Caracteristici:<\/strong><br data-start=\"731\" data-end=\"734\" \/>\u2714 flexibilitate excelent\u0103 pentru demulare u\u0219oar\u0103<br data-start=\"782\" data-end=\"785\" \/>\u2714 reutilizabil\u0103 \u0219i u\u0219or de cur\u0103\u021bat<br data-start=\"819\" data-end=\"822\" \/>\u2714 permite realizarea unui set complet, uniform ca design<br data-start=\"878\" data-end=\"881\" \/>\u2714 ideal\u0103 pentru obiecte decorative sau func\u021bionale<\/p>\n<p data-start=\"935\" data-end=\"954\">\ud83d\udd39 <strong data-start=\"938\" data-end=\"952\">Aplica\u021bii:<\/strong><\/p>\n<ul data-start=\"955\" data-end=\"1088\">\n<li data-start=\"955\" data-end=\"990\">\n<p data-start=\"957\" data-end=\"990\">coastere pentru pahare \u0219i ce\u0219ti<\/p>\n<\/li>\n<li data-start=\"991\" data-end=\"1011\">\n<p data-start=\"993\" data-end=\"1011\">cadouri handmade<\/p>\n<\/li>\n<li data-start=\"1012\" data-end=\"1047\">\n<p data-start=\"1014\" data-end=\"1047\">accesorii pentru mas\u0103 sau birou<\/p>\n<\/li>\n<li data-start=\"1048\" data-end=\"1088\">\n<p data-start=\"1050\" data-end=\"1088\">produse personalizate pentru v\u00e2nzare<\/p>\n<\/li>\n<\/ul>\n<p data-start=\"1090\" data-end=\"1305\" data-is-last-node=\"\" data-is-only-node=\"\">Matri\u021ba de silicon pentru set coastere cu suport p\u0103trat este solu\u021bia ideal\u0103 pentru cei care doresc s\u0103 creeze obiecte practice, cu un aspect modern \u0219i profesional, fie pentru uz personal, fie pentru afaceri handmade.<\/p>\n<p>Vezi \u0219i:\u00a0<a href=\"https:\/\/perfect-home.ro\/en\/categorii\/rasina-epoxidica\/\">R\u0103\u0219in\u0103 epoxidic\u0103 transparent\u0103<\/a><\/p>\n<p>Urm\u0103ri\u021bi-ne \u0219i pe:\u00a0<a href=\"https:\/\/www.facebook.com\/share\/1Gqno23cZH\/?mibextid=wwXIfr\" target=\"_blank\" rel=\"noopener\"><img decoding=\"async\" class=\"alignnone wp-image-714\" src=\"https:\/\/perfect-home.ro\/wp-content\/uploads\/2025\/11\/facebook-svgrepo-com1.svg\" alt=\"\" width=\"54\" height=\"54\" \/><\/a>\u00a0<a href=\"https:\/\/www.instagram.com\/perfect_home.ro?igsh=MWoxa2RsM3I3MHc2Zg%3D%3D&amp;utm_source=qr\" target=\"_blank\" rel=\"noopener\"><img decoding=\"async\" class=\"alignnone wp-image-713\" src=\"https:\/\/perfect-home.ro\/wp-content\/uploads\/2025\/11\/instagram-svgrepo-com1.svg\" alt=\"\" width=\"54\" height=\"54\" \/><\/a>\u00a0<a href=\"https:\/\/www.tiktok.com\/@perfecthome.ro?_r=1&amp;_t=ZN-91TdO6EBsjG\" target=\"_blank\" rel=\"noopener\"><img decoding=\"async\" class=\"alignnone wp-image-712\" src=\"https:\/\/perfect-home.ro\/wp-content\/uploads\/2025\/11\/tik-tok-svgrepo-com1.svg\" alt=\"\" width=\"54\" height=\"54\" \/><\/a><\/p>","protected":false},"excerpt":{"rendered":"<h2>Matrita de silicon pentru set coastere cu suport patrat<\/h2>\n<p data-start=\"62\" data-end=\"361\">Aceast\u0103 matri\u021b\u0103 din silicon este ideal\u0103 pentru realizarea unui set complet de coastere p\u0103trate, \u00eempreun\u0103 cu suportul dedicat, oferind un rezultat elegant \u0219i practic. Perfect\u0103 pentru proiecte handmade, permite ob\u021binerea unor suporturi moderne pentru pahare, cu finisaj neted \u0219i margini bine definite.<\/p>","protected":false},"featured_media":1145,"comment_status":"open","ping_status":"closed","template":"","meta":[],"product_brand":[],"product_cat":[22],"product_tag":[],"class_list":{"0":"post-1144","1":"product","2":"type-product","3":"status-publish","4":"has-post-thumbnail","6":"product_cat-matrite-rasina-epoxidica","8":"first","9":"instock","10":"sale","11":"shipping-taxable","12":"purchasable","13":"product-type-simple"},"_links":{"self":[{"href":"https:\/\/perfect-home.ro\/en\/wp-json\/wp\/v2\/product\/1144","targetHints":{"allow":["GET"]}}],"collection":[{"href":"https:\/\/perfect-home.ro\/en\/wp-json\/wp\/v2\/product"}],"about":[{"href":"https:\/\/perfect-home.ro\/en\/wp-json\/wp\/v2\/types\/product"}],"replies":[{"embeddable":true,"href":"https:\/\/perfect-home.ro\/en\/wp-json\/wp\/v2\/comments?post=1144"}],"wp:featuredmedia":[{"embeddable":true,"href":"https:\/\/perfect-home.ro\/en\/wp-json\/wp\/v2\/media\/1145"}],"wp:attachment":[{"href":"https:\/\/perfect-home.ro\/en\/wp-json\/wp\/v2\/media?parent=1144"}],"wp:term":[{"taxonomy":"product_brand","embeddable":true,"href":"https:\/\/perfect-home.ro\/en\/wp-json\/wp\/v2\/product_brand?post=1144"},{"taxonomy":"product_cat","embeddable":true,"href":"https:\/\/perfect-home.ro\/en\/wp-json\/wp\/v2\/product_cat?post=1144"},{"taxonomy":"product_tag","embeddable":true,"href":"https:\/\/perfect-home.ro\/en\/wp-json\/wp\/v2\/product_tag?post=1144"}],"curies":[{"name":"wp","href":"https:\/\/api.w.org\/{rel}","templated":true}]}}