{"id":1256,"date":"2026-03-06T08:04:03","date_gmt":"2026-03-06T08:04:03","guid":{"rendered":"https:\/\/perfect-home.ro\/?post_type=product&#038;p=1256"},"modified":"2026-03-06T08:04:32","modified_gmt":"2026-03-06T08:04:32","slug":"matrita-silicon-vaza","status":"publish","type":"product","link":"https:\/\/perfect-home.ro\/en\/product\/matrita-silicon-vaza\/","title":{"rendered":"Matrita silicon vaza"},"content":{"rendered":"<h2>Matrita silicon vaza<\/h2>\n<p data-start=\"0\" data-end=\"267\"><strong data-start=\"0\" data-end=\"35\">Dimensiunea vazei pentru flori:<\/strong> aproximativ <strong data-start=\"48\" data-end=\"65\">10,5 \u00d7 6,5 cm<\/strong>. Dimensiune perfect\u0103, suficient de mare pentru un buchet mic de flori. Ideal\u0103 ca pies\u0103 decorativ\u0103 pe pervaz sau pe blatul de lucru, \u00eens\u0103 este prea mic\u0103 pentru a fi a\u0219ezat\u0103 pe podea ca obiect decorativ.<\/p>\n<p data-start=\"269\" data-end=\"581\"><strong data-start=\"269\" data-end=\"290\">Material premium:<\/strong> Aceast\u0103 <strong data-start=\"299\" data-end=\"331\">form\u0103 pentru vaz\u0103 din r\u0103\u0219in\u0103<\/strong> este realizat\u0103 din silicon de \u00eenalt\u0103 calitate, cu textur\u0103 moale, u\u0219or de demulat \u0219i reutilizabil\u0103. Pute\u021bi ad\u0103uga \u00een matri\u021b\u0103 <strong data-start=\"456\" data-end=\"480\">fulgi de foi\u021b\u0103 aurie<\/strong>, sclipici, flori uscate mici, bijuterii sau alte decora\u021biuni pentru a crea propriul obiect DIY unic.<\/p>\n<p data-start=\"583\" data-end=\"954\"><strong data-start=\"583\" data-end=\"604\">Foarte versatil\u0103:<\/strong> Aceste <strong data-start=\"612\" data-end=\"647\">forme din silicon pentru r\u0103\u0219in\u0103<\/strong> sunt compatibile cu majoritatea tipurilor de r\u0103\u0219ini sau alte materiale de turnare, fiind perfecte pentru proiecte DIY. Forma de vaz\u0103 poate fi folosit\u0103 nu doar pentru ghivece, ci \u0219i ca <strong data-start=\"832\" data-end=\"953\">suport pentru pensule de machiaj, suport pentru pensule, suport pentru pixuri sau creioane ori cutie pentru bijuterii<\/strong>.<\/p>\n<p data-start=\"956\" data-end=\"1271\" data-is-last-node=\"\" data-is-only-node=\"\"><strong data-start=\"956\" data-end=\"972\">Cadou ideal:<\/strong> Matri\u021ba noastr\u0103 pentru vaz\u0103\/recipient floral din r\u0103\u0219in\u0103 epoxidic\u0103 este un cadou excelent pentru prieteni, familie sau pentru oricine iube\u0219te proiectele DIY cu r\u0103\u0219in\u0103. De asemenea, pute\u021bi oferi cadou \u0219i vaza finalizat\u0103, perfect\u0103 pentru decorarea <strong data-start=\"1218\" data-end=\"1267\">casei, restaurantului, flor\u0103riei sau biroului<\/strong>. \ud83c\udf38<\/p>\n<p>Vezi \u0219i:\u00a0<a href=\"https:\/\/perfect-home.ro\/en\/categorii\/rasina-epoxidica\/\">R\u0103\u0219in\u0103 epoxidic\u0103 transparent\u0103<\/a><\/p>\n<p>Urm\u0103ri\u021bi-ne \u0219i pe:\u00a0<a href=\"https:\/\/www.facebook.com\/share\/1Gqno23cZH\/?mibextid=wwXIfr\" target=\"_blank\" rel=\"noopener\"><img decoding=\"async\" class=\"alignnone wp-image-714\" src=\"https:\/\/perfect-home.ro\/wp-content\/uploads\/2025\/11\/facebook-svgrepo-com1.svg\" alt=\"\" width=\"54\" height=\"54\" \/><\/a>\u00a0<a href=\"https:\/\/www.instagram.com\/perfect_home.ro?igsh=MWoxa2RsM3I3MHc2Zg%3D%3D&amp;utm_source=qr\" target=\"_blank\" rel=\"noopener\"><img decoding=\"async\" class=\"alignnone wp-image-713\" src=\"https:\/\/perfect-home.ro\/wp-content\/uploads\/2025\/11\/instagram-svgrepo-com1.svg\" alt=\"\" width=\"54\" height=\"54\" \/><\/a>\u00a0<a href=\"https:\/\/www.tiktok.com\/@perfecthome.ro?_r=1&amp;_t=ZN-91TdO6EBsjG\" target=\"_blank\" rel=\"noopener\"><img decoding=\"async\" class=\"alignnone wp-image-712\" src=\"https:\/\/perfect-home.ro\/wp-content\/uploads\/2025\/11\/tik-tok-svgrepo-com1.svg\" alt=\"\" width=\"54\" height=\"54\" \/><\/a><\/p>","protected":false},"excerpt":{"rendered":"<h2>Matrita silicon vaza<\/h2>\n<p data-start=\"0\" data-end=\"267\"><strong data-start=\"0\" data-end=\"35\">Dimensiunea vazei pentru flori:<\/strong> aproximativ <strong data-start=\"48\" data-end=\"65\">10,5 \u00d7 6,5 cm<\/strong>. Dimensiune perfect\u0103, suficient de mare pentru un buchet mic de flori. Ideal\u0103 ca pies\u0103 decorativ\u0103 pe pervaz sau pe blatul de lucru, \u00eens\u0103 este prea mic\u0103 pentru a fi a\u0219ezat\u0103 pe podea ca obiect decorativ.<\/p>","protected":false},"featured_media":1257,"comment_status":"open","ping_status":"closed","template":"","meta":[],"product_brand":[],"product_cat":[22],"product_tag":[],"class_list":{"0":"post-1256","1":"product","2":"type-product","3":"status-publish","4":"has-post-thumbnail","6":"product_cat-matrite-rasina-epoxidica","8":"first","9":"instock","10":"shipping-taxable","11":"purchasable","12":"product-type-simple"},"_links":{"self":[{"href":"https:\/\/perfect-home.ro\/en\/wp-json\/wp\/v2\/product\/1256","targetHints":{"allow":["GET"]}}],"collection":[{"href":"https:\/\/perfect-home.ro\/en\/wp-json\/wp\/v2\/product"}],"about":[{"href":"https:\/\/perfect-home.ro\/en\/wp-json\/wp\/v2\/types\/product"}],"replies":[{"embeddable":true,"href":"https:\/\/perfect-home.ro\/en\/wp-json\/wp\/v2\/comments?post=1256"}],"wp:featuredmedia":[{"embeddable":true,"href":"https:\/\/perfect-home.ro\/en\/wp-json\/wp\/v2\/media\/1257"}],"wp:attachment":[{"href":"https:\/\/perfect-home.ro\/en\/wp-json\/wp\/v2\/media?parent=1256"}],"wp:term":[{"taxonomy":"product_brand","embeddable":true,"href":"https:\/\/perfect-home.ro\/en\/wp-json\/wp\/v2\/product_brand?post=1256"},{"taxonomy":"product_cat","embeddable":true,"href":"https:\/\/perfect-home.ro\/en\/wp-json\/wp\/v2\/product_cat?post=1256"},{"taxonomy":"product_tag","embeddable":true,"href":"https:\/\/perfect-home.ro\/en\/wp-json\/wp\/v2\/product_tag?post=1256"}],"curies":[{"name":"wp","href":"https:\/\/api.w.org\/{rel}","templated":true}]}}