{"id":1272,"date":"2026-03-06T08:19:07","date_gmt":"2026-03-06T08:19:07","guid":{"rendered":"https:\/\/perfect-home.ro\/?post_type=product&#038;p=1272"},"modified":"2026-03-06T08:19:07","modified_gmt":"2026-03-06T08:19:07","slug":"matrita-silicon-iepuras","status":"publish","type":"product","link":"https:\/\/perfect-home.ro\/en\/product\/matrita-silicon-iepuras\/","title":{"rendered":"Matrita silicon iepuras"},"content":{"rendered":"<h2>Matrita silicon iepuras<\/h2>\n<p data-start=\"0\" data-end=\"144\"><strong data-start=\"0\" data-end=\"21\">Material premium:<\/strong> Fabricat din <strong data-start=\"35\" data-end=\"74\">silicon flexibil de \u00eenalt\u0103 calitate<\/strong>. Are o textur\u0103 pl\u0103cut\u0103 la atingere, este durabil \u0219i nu se deformeaz\u0103.<\/p>\n<p data-start=\"146\" data-end=\"296\"><strong data-start=\"146\" data-end=\"170\">Utilizare versatil\u0103:<\/strong> Compatibil cu majoritatea <strong data-start=\"197\" data-end=\"224\">materialelor de turnare<\/strong>, precum <strong data-start=\"233\" data-end=\"269\">r\u0103\u0219ina epoxidic\u0103, ceara, ipsosul<\/strong> \u0219i alte materiale lichide.<\/p>\n<p data-start=\"298\" data-end=\"451\"><strong data-start=\"298\" data-end=\"334\">U\u0219or de cur\u0103\u021bat \u0219i reutilizabil:<\/strong> Suprafa\u021b\u0103 <strong data-start=\"345\" data-end=\"361\">antiaderent\u0103<\/strong>, u\u0219or de cur\u0103\u021bat cu <strong data-start=\"382\" data-end=\"404\">ap\u0103 cald\u0103 \u0219i s\u0103pun<\/strong>. Extrem de durabil pentru utiliz\u0103ri frecvente.<\/p>\n<p data-start=\"453\" data-end=\"560\"><strong data-start=\"453\" data-end=\"479\">Manipulare f\u0103r\u0103 efort:<\/strong> Foarte flexibil, reutilizabil \u0219i permite <strong data-start=\"521\" data-end=\"559\">demularea u\u0219oar\u0103 \u0219i f\u0103r\u0103 reziduuri<\/strong>.<\/p>\n<p data-start=\"562\" data-end=\"734\" data-is-last-node=\"\" data-is-only-node=\"\"><strong data-start=\"562\" data-end=\"596\">Perfect pentru DIY \u0219i cadouri:<\/strong> Ideal pentru <strong data-start=\"610\" data-end=\"635\">proiecte handmade DIY<\/strong>, decora\u021biuni personalizate pentru cas\u0103 \u0219i ca <strong data-start=\"681\" data-end=\"707\">idee de cadou creativ\u0103<\/strong> pentru diferite ocazii. \ud83c\udf81<\/p>\n<p>Vezi \u0219i:\u00a0<a href=\"https:\/\/perfect-home.ro\/en\/categorii\/rasina-epoxidica\/\">R\u0103\u0219in\u0103 epoxidic\u0103 transparent\u0103<\/a><\/p>\n<p>Urm\u0103ri\u021bi-ne \u0219i pe:\u00a0<a href=\"https:\/\/www.facebook.com\/share\/1Gqno23cZH\/?mibextid=wwXIfr\" target=\"_blank\" rel=\"noopener\"><img decoding=\"async\" class=\"alignnone wp-image-714\" src=\"https:\/\/perfect-home.ro\/wp-content\/uploads\/2025\/11\/facebook-svgrepo-com1.svg\" alt=\"\" width=\"54\" height=\"54\" \/><\/a>\u00a0<a href=\"https:\/\/www.instagram.com\/perfect_home.ro?igsh=MWoxa2RsM3I3MHc2Zg%3D%3D&amp;utm_source=qr\" target=\"_blank\" rel=\"noopener\"><img decoding=\"async\" class=\"alignnone wp-image-713\" src=\"https:\/\/perfect-home.ro\/wp-content\/uploads\/2025\/11\/instagram-svgrepo-com1.svg\" alt=\"\" width=\"54\" height=\"54\" \/><\/a>\u00a0<a href=\"https:\/\/www.tiktok.com\/@perfecthome.ro?_r=1&amp;_t=ZN-91TdO6EBsjG\" target=\"_blank\" rel=\"noopener\"><img decoding=\"async\" class=\"alignnone wp-image-712\" src=\"https:\/\/perfect-home.ro\/wp-content\/uploads\/2025\/11\/tik-tok-svgrepo-com1.svg\" alt=\"\" width=\"54\" height=\"54\" \/><\/a><\/p>","protected":false},"excerpt":{"rendered":"<h2>Matrita silicon iepuras<\/h2>\n<p data-start=\"0\" data-end=\"144\"><strong data-start=\"0\" data-end=\"21\">Material premium:<\/strong> Fabricat din <strong data-start=\"35\" data-end=\"74\">silicon flexibil de \u00eenalt\u0103 calitate<\/strong>. Are o textur\u0103 pl\u0103cut\u0103 la atingere, este durabil \u0219i nu se deformeaz\u0103.<\/p>\n<p data-start=\"146\" data-end=\"296\"><strong data-start=\"146\" data-end=\"170\">Utilizare versatil\u0103:<\/strong> Compatibil cu majoritatea <strong data-start=\"197\" data-end=\"224\">materialelor de turnare<\/strong>, precum <strong data-start=\"233\" data-end=\"269\">r\u0103\u0219ina epoxidic\u0103, ceara, ipsosul<\/strong> \u0219i alte materiale lichide.<\/p>","protected":false},"featured_media":1273,"comment_status":"open","ping_status":"closed","template":"","meta":[],"product_brand":[],"product_cat":[22],"product_tag":[],"class_list":{"0":"post-1272","1":"product","2":"type-product","3":"status-publish","4":"has-post-thumbnail","6":"product_cat-matrite-rasina-epoxidica","8":"first","9":"instock","10":"shipping-taxable","11":"purchasable","12":"product-type-simple"},"_links":{"self":[{"href":"https:\/\/perfect-home.ro\/en\/wp-json\/wp\/v2\/product\/1272","targetHints":{"allow":["GET"]}}],"collection":[{"href":"https:\/\/perfect-home.ro\/en\/wp-json\/wp\/v2\/product"}],"about":[{"href":"https:\/\/perfect-home.ro\/en\/wp-json\/wp\/v2\/types\/product"}],"replies":[{"embeddable":true,"href":"https:\/\/perfect-home.ro\/en\/wp-json\/wp\/v2\/comments?post=1272"}],"wp:featuredmedia":[{"embeddable":true,"href":"https:\/\/perfect-home.ro\/en\/wp-json\/wp\/v2\/media\/1273"}],"wp:attachment":[{"href":"https:\/\/perfect-home.ro\/en\/wp-json\/wp\/v2\/media?parent=1272"}],"wp:term":[{"taxonomy":"product_brand","embeddable":true,"href":"https:\/\/perfect-home.ro\/en\/wp-json\/wp\/v2\/product_brand?post=1272"},{"taxonomy":"product_cat","embeddable":true,"href":"https:\/\/perfect-home.ro\/en\/wp-json\/wp\/v2\/product_cat?post=1272"},{"taxonomy":"product_tag","embeddable":true,"href":"https:\/\/perfect-home.ro\/en\/wp-json\/wp\/v2\/product_tag?post=1272"}],"curies":[{"name":"wp","href":"https:\/\/api.w.org\/{rel}","templated":true}]}}