{"id":1286,"date":"2026-03-06T08:37:17","date_gmt":"2026-03-06T08:37:17","guid":{"rendered":"https:\/\/perfect-home.ro\/?post_type=product&#038;p=1286"},"modified":"2026-03-06T08:37:17","modified_gmt":"2026-03-06T08:37:17","slug":"matrita-vaza-din-silicon-diferite-forme","status":"publish","type":"product","link":"https:\/\/perfect-home.ro\/en\/product\/matrita-vaza-din-silicon-diferite-forme\/","title":{"rendered":"Matrita vaza din silicon diferite forme"},"content":{"rendered":"<h2>Matrita vaza din silicon diferite forme<\/h2>\n<p data-start=\"0\" data-end=\"245\"><strong data-start=\"0\" data-end=\"32\">Material de \u00eenalt\u0103 calitate:<\/strong> Aceste <strong data-start=\"40\" data-end=\"63\">matri\u021be pentru vaze<\/strong> sunt realizate din <strong data-start=\"83\" data-end=\"113\">silicon de \u00eenalt\u0103 calitate<\/strong>, fiind flexibile, durabile \u0219i reutilizabile. Au o <strong data-start=\"164\" data-end=\"184\" data-is-only-node=\"\">suprafa\u021b\u0103 neted\u0103<\/strong>, sunt robuste \u0219i fiabile \u0219i rezist\u0103 la deformare sau rupere.<\/p>\n<p data-start=\"247\" data-end=\"645\"><strong data-start=\"247\" data-end=\"268\">U\u0219or de utilizat:<\/strong> Trebuie doar s\u0103 <strong data-start=\"285\" data-end=\"340\">amesteci r\u0103\u0219ina \u0219i \u00eent\u0103ritorul \u00een propor\u021bia corect\u0103<\/strong>. Po\u021bi ad\u0103uga \u0219i <strong data-start=\"357\" data-end=\"442\">fulgi de foi\u021b\u0103 aurie, sclipici, flori uscate mici, mici decora\u021biuni sau ornamente<\/strong> pentru a crea propriile obiecte DIY unice. Apoi torni compozi\u021bia \u00een matri\u021b\u0103, o la\u0219i s\u0103 se usuce, desprinzi marginile matri\u021bei, o \u00eentorci \u0219i crea\u021bia ta va ie\u0219i u\u0219or f\u0103r\u0103 s\u0103 se rup\u0103 sau s\u0103 se deterioreze.<\/p>\n<p data-start=\"647\" data-end=\"885\"><strong data-start=\"647\" data-end=\"679\">Bucur\u0103-te de distrac\u021bia DIY:<\/strong> Po\u021bi ad\u0103uga diferite materiale decorative precum <strong data-start=\"729\" data-end=\"868\">imagini, foi\u021b\u0103 aurie, cristale, flori, sclipici, m\u0103rgele, strasuri, flori uscate, paiete, vopsea, pigmen\u021bi sau alte elemente decorative<\/strong> dup\u0103 preferin\u021b\u0103.<\/p>\n<p data-start=\"887\" data-end=\"1305\" data-is-last-node=\"\" data-is-only-node=\"\"><strong data-start=\"887\" data-end=\"907\">Utilizare larg\u0103:<\/strong> Potrivit\u0103 pentru majoritatea <strong data-start=\"937\" data-end=\"977\">r\u0103\u0219inilor \u0219i materialelor de turnare<\/strong>, precum <strong data-start=\"986\" data-end=\"1098\">r\u0103\u0219ina epoxidic\u0103, r\u0103\u0219ina UV, argila tip ciment, s\u0103punul, ceara, lum\u00e2n\u0103rile, r\u0103\u0219ina poliesteric\u0103 sau mortarul<\/strong>. Matri\u021bele pentru vaze nu sunt ideale doar pentru realizarea <strong data-start=\"1160\" data-end=\"1174\" data-is-only-node=\"\">ghivecelor<\/strong>, ci pot fi folosite \u0219i ca <strong data-start=\"1201\" data-end=\"1304\">suport pentru pensule de machiaj, suport pentru pixuri sau creioane ori recipiente pentru bijuterii<\/strong>.<\/p>\n<p>Vezi \u0219i:\u00a0<a href=\"https:\/\/perfect-home.ro\/en\/categorii\/rasina-epoxidica\/\">R\u0103\u0219in\u0103 epoxidic\u0103 transparent\u0103<\/a><\/p>\n<p>Urm\u0103ri\u021bi-ne \u0219i pe:\u00a0<a href=\"https:\/\/www.facebook.com\/share\/1Gqno23cZH\/?mibextid=wwXIfr\" target=\"_blank\" rel=\"noopener\"><img decoding=\"async\" class=\"alignnone wp-image-714\" src=\"https:\/\/perfect-home.ro\/wp-content\/uploads\/2025\/11\/facebook-svgrepo-com1.svg\" alt=\"\" width=\"54\" height=\"54\" \/><\/a>\u00a0<a href=\"https:\/\/www.instagram.com\/perfect_home.ro?igsh=MWoxa2RsM3I3MHc2Zg%3D%3D&amp;utm_source=qr\" target=\"_blank\" rel=\"noopener\"><img decoding=\"async\" class=\"alignnone wp-image-713\" src=\"https:\/\/perfect-home.ro\/wp-content\/uploads\/2025\/11\/instagram-svgrepo-com1.svg\" alt=\"\" width=\"54\" height=\"54\" \/><\/a>\u00a0<a href=\"https:\/\/www.tiktok.com\/@perfecthome.ro?_r=1&amp;_t=ZN-91TdO6EBsjG\" target=\"_blank\" rel=\"noopener\"><img decoding=\"async\" class=\"alignnone wp-image-712\" src=\"https:\/\/perfect-home.ro\/wp-content\/uploads\/2025\/11\/tik-tok-svgrepo-com1.svg\" alt=\"\" width=\"54\" height=\"54\" \/><\/a><\/p>","protected":false},"excerpt":{"rendered":"<h2>Matrita vaza din silicon diferite forme<\/h2>\n<p data-start=\"0\" data-end=\"245\"><strong data-start=\"0\" data-end=\"32\">Material de \u00eenalt\u0103 calitate:<\/strong> Aceste <strong data-start=\"40\" data-end=\"63\">matri\u021be pentru vaze<\/strong> sunt realizate din <strong data-start=\"83\" data-end=\"113\">silicon de \u00eenalt\u0103 calitate<\/strong>, fiind flexibile, durabile \u0219i reutilizabile. Au o <strong data-start=\"164\" data-end=\"184\" data-is-only-node=\"\">suprafa\u021b\u0103 neted\u0103<\/strong>, sunt robuste \u0219i fiabile \u0219i rezist\u0103 la deformare sau rupere.<\/p>","protected":false},"featured_media":1287,"comment_status":"open","ping_status":"closed","template":"","meta":[],"product_brand":[],"product_cat":[22],"product_tag":[],"class_list":{"0":"post-1286","1":"product","2":"type-product","3":"status-publish","4":"has-post-thumbnail","6":"product_cat-matrite-rasina-epoxidica","8":"first","9":"instock","10":"shipping-taxable","11":"purchasable","12":"product-type-simple"},"_links":{"self":[{"href":"https:\/\/perfect-home.ro\/en\/wp-json\/wp\/v2\/product\/1286","targetHints":{"allow":["GET"]}}],"collection":[{"href":"https:\/\/perfect-home.ro\/en\/wp-json\/wp\/v2\/product"}],"about":[{"href":"https:\/\/perfect-home.ro\/en\/wp-json\/wp\/v2\/types\/product"}],"replies":[{"embeddable":true,"href":"https:\/\/perfect-home.ro\/en\/wp-json\/wp\/v2\/comments?post=1286"}],"wp:featuredmedia":[{"embeddable":true,"href":"https:\/\/perfect-home.ro\/en\/wp-json\/wp\/v2\/media\/1287"}],"wp:attachment":[{"href":"https:\/\/perfect-home.ro\/en\/wp-json\/wp\/v2\/media?parent=1286"}],"wp:term":[{"taxonomy":"product_brand","embeddable":true,"href":"https:\/\/perfect-home.ro\/en\/wp-json\/wp\/v2\/product_brand?post=1286"},{"taxonomy":"product_cat","embeddable":true,"href":"https:\/\/perfect-home.ro\/en\/wp-json\/wp\/v2\/product_cat?post=1286"},{"taxonomy":"product_tag","embeddable":true,"href":"https:\/\/perfect-home.ro\/en\/wp-json\/wp\/v2\/product_tag?post=1286"}],"curies":[{"name":"wp","href":"https:\/\/api.w.org\/{rel}","templated":true}]}}