{"id":1303,"date":"2026-03-06T08:53:57","date_gmt":"2026-03-06T08:53:57","guid":{"rendered":"https:\/\/perfect-home.ro\/?post_type=product&#038;p=1303"},"modified":"2026-03-06T08:53:57","modified_gmt":"2026-03-06T08:53:57","slug":"matrita-din-silicon-iepuras-de-paste","status":"publish","type":"product","link":"https:\/\/perfect-home.ro\/en\/product\/matrita-din-silicon-iepuras-de-paste\/","title":{"rendered":"Matrita din silicon iepuras de Paste"},"content":{"rendered":"<h2>Matrita din silicon iepuras de Paste<\/h2>\n<p data-start=\"0\" data-end=\"302\"><strong data-start=\"0\" data-end=\"36\">Set complet de matri\u021be de Pa\u0219te:<\/strong> Acest set de <strong data-start=\"50\" data-end=\"86\">matri\u021be din silicon pentru Pa\u0219te<\/strong> include <strong data-start=\"95\" data-end=\"153\">1 matri\u021b\u0103 din silicon cu 6 modele diferite de iepura\u0219i<\/strong>, perfecte pentru turnarea <strong data-start=\"180\" data-end=\"206\">figurinelor decorative<\/strong>. Cu aceste matri\u021be po\u021bi crea rapid <strong data-start=\"242\" data-end=\"299\" data-is-only-node=\"\">decora\u021biuni de Pa\u0219te dr\u0103g\u0103stoase sau cadouri DIY mici<\/strong>.<\/p>\n<p data-start=\"304\" data-end=\"586\"><strong data-start=\"304\" data-end=\"328\">Distrac\u021bie creativ\u0103:<\/strong> Cu aceast\u0103 <strong data-start=\"340\" data-end=\"376\">matri\u021b\u0103 din silicon pentru Pa\u0219te<\/strong> po\u021bi experimenta adev\u0103rata distrac\u021bie DIY pentru <strong data-start=\"426\" data-end=\"446\">tineri \u0219i adul\u021bi<\/strong>. Matri\u021ba cu iepura\u0219i este perfect\u0103 pentru <strong data-start=\"489\" data-end=\"523\">proiecte creative \u00een prim\u0103var\u0103<\/strong> \u0219i aduce varietate creativ\u0103 \u00een timpul s\u0103rb\u0103torilor de Pa\u0219te.<\/p>\n<p data-start=\"588\" data-end=\"821\"><strong data-start=\"588\" data-end=\"619\">Silicon de \u00eenalt\u0103 calitate:<\/strong> Matri\u021bele din silicon pentru turnare sunt realizate din <strong data-start=\"676\" data-end=\"721\">silicon flexibil, durabil \u0219i reutilizabil<\/strong>. Datorit\u0103 elasticit\u0103\u021bii, figurinele ob\u021binute pot fi <strong data-start=\"774\" data-end=\"818\">demulate u\u0219or f\u0103r\u0103 a deteriora detaliile<\/strong>.<\/p>\n<p data-start=\"823\" data-end=\"1030\"><strong data-start=\"823\" data-end=\"844\">U\u0219or de utilizat:<\/strong> Pur \u0219i simplu toarn\u0103 <strong data-start=\"866\" data-end=\"886\">ipsos sau r\u0103\u0219in\u0103<\/strong> \u00een matri\u021b\u0103, las\u0103 materialul s\u0103 se \u00eent\u0103reasc\u0103 \u0219i scoate figurinele f\u0103r\u0103 efort. Matri\u021bele sunt <strong data-start=\"980\" data-end=\"999\">u\u0219or de cur\u0103\u021bat<\/strong> \u0219i ideale pentru \u00eencep\u0103tori.<\/p>\n<p data-start=\"1032\" data-end=\"1266\" data-is-last-node=\"\" data-is-only-node=\"\"><strong data-start=\"1032\" data-end=\"1051\">Decor versatil:<\/strong> Matri\u021ba din silicon pentru Pa\u0219te este potrivit\u0103 pentru <strong data-start=\"1107\" data-end=\"1163\">decor de Pa\u0219te, decora\u021biuni de mas\u0103 sau cadouri mici<\/strong>. Cu forma de iepura\u0219, po\u021bi crea <strong data-start=\"1196\" data-end=\"1265\">decora\u021biuni unice pentru cas\u0103, birou sau cadouri pline de aten\u021bie<\/strong>.<\/p>\n<p>Vezi \u0219i:\u00a0<a href=\"https:\/\/perfect-home.ro\/en\/categorii\/rasina-epoxidica\/\">R\u0103\u0219in\u0103 epoxidic\u0103 transparent\u0103<\/a><\/p>\n<p>Urm\u0103ri\u021bi-ne \u0219i pe:\u00a0<a href=\"https:\/\/www.facebook.com\/share\/1Gqno23cZH\/?mibextid=wwXIfr\" target=\"_blank\" rel=\"noopener\"><img decoding=\"async\" class=\"alignnone wp-image-714\" src=\"https:\/\/perfect-home.ro\/wp-content\/uploads\/2025\/11\/facebook-svgrepo-com1.svg\" alt=\"\" width=\"54\" height=\"54\" \/><\/a>\u00a0<a href=\"https:\/\/www.instagram.com\/perfect_home.ro?igsh=MWoxa2RsM3I3MHc2Zg%3D%3D&amp;utm_source=qr\" target=\"_blank\" rel=\"noopener\"><img decoding=\"async\" class=\"alignnone wp-image-713\" src=\"https:\/\/perfect-home.ro\/wp-content\/uploads\/2025\/11\/instagram-svgrepo-com1.svg\" alt=\"\" width=\"54\" height=\"54\" \/><\/a>\u00a0<a href=\"https:\/\/www.tiktok.com\/@perfecthome.ro?_r=1&amp;_t=ZN-91TdO6EBsjG\" target=\"_blank\" rel=\"noopener\"><img decoding=\"async\" class=\"alignnone wp-image-712\" src=\"https:\/\/perfect-home.ro\/wp-content\/uploads\/2025\/11\/tik-tok-svgrepo-com1.svg\" alt=\"\" width=\"54\" height=\"54\" \/><\/a><\/p>","protected":false},"excerpt":{"rendered":"<h2>Matrita din silicon iepuras de Paste<\/h2>\n<p data-start=\"0\" data-end=\"302\"><strong data-start=\"0\" data-end=\"36\">Set complet de matri\u021be de Pa\u0219te:<\/strong> Acest set de <strong data-start=\"50\" data-end=\"86\">matri\u021be din silicon pentru Pa\u0219te<\/strong> include <strong data-start=\"95\" data-end=\"153\">1 matri\u021b\u0103 din silicon cu 6 modele diferite de iepura\u0219i<\/strong>, perfecte pentru turnarea <strong data-start=\"180\" data-end=\"206\">figurinelor decorative<\/strong>. Cu aceste matri\u021be po\u021bi crea rapid <strong data-start=\"242\" data-end=\"299\" data-is-only-node=\"\">decora\u021biuni de Pa\u0219te dr\u0103g\u0103stoase sau cadouri DIY mici<\/strong>.<\/p>","protected":false},"featured_media":1304,"comment_status":"open","ping_status":"closed","template":"","meta":[],"product_brand":[],"product_cat":[22],"product_tag":[],"class_list":{"0":"post-1303","1":"product","2":"type-product","3":"status-publish","4":"has-post-thumbnail","6":"product_cat-matrite-rasina-epoxidica","8":"first","9":"instock","10":"shipping-taxable","11":"purchasable","12":"product-type-simple"},"_links":{"self":[{"href":"https:\/\/perfect-home.ro\/en\/wp-json\/wp\/v2\/product\/1303","targetHints":{"allow":["GET"]}}],"collection":[{"href":"https:\/\/perfect-home.ro\/en\/wp-json\/wp\/v2\/product"}],"about":[{"href":"https:\/\/perfect-home.ro\/en\/wp-json\/wp\/v2\/types\/product"}],"replies":[{"embeddable":true,"href":"https:\/\/perfect-home.ro\/en\/wp-json\/wp\/v2\/comments?post=1303"}],"wp:featuredmedia":[{"embeddable":true,"href":"https:\/\/perfect-home.ro\/en\/wp-json\/wp\/v2\/media\/1304"}],"wp:attachment":[{"href":"https:\/\/perfect-home.ro\/en\/wp-json\/wp\/v2\/media?parent=1303"}],"wp:term":[{"taxonomy":"product_brand","embeddable":true,"href":"https:\/\/perfect-home.ro\/en\/wp-json\/wp\/v2\/product_brand?post=1303"},{"taxonomy":"product_cat","embeddable":true,"href":"https:\/\/perfect-home.ro\/en\/wp-json\/wp\/v2\/product_cat?post=1303"},{"taxonomy":"product_tag","embeddable":true,"href":"https:\/\/perfect-home.ro\/en\/wp-json\/wp\/v2\/product_tag?post=1303"}],"curies":[{"name":"wp","href":"https:\/\/api.w.org\/{rel}","templated":true}]}}