{"id":1337,"date":"2026-03-06T09:57:54","date_gmt":"2026-03-06T09:57:54","guid":{"rendered":"https:\/\/perfect-home.ro\/?post_type=product&#038;p=1337"},"modified":"2026-03-18T07:53:00","modified_gmt":"2026-03-18T07:53:00","slug":"pigment-lichid-6-ml-white","status":"publish","type":"product","link":"https:\/\/perfect-home.ro\/en\/product\/pigment-lichid-6-ml-white\/","title":{"rendered":"Pigment lichid 6 ml white"},"content":{"rendered":"<h2 data-start=\"180\" data-end=\"512\">Pigment lichid 6 ml white<\/h2>\n<p data-start=\"223\" data-end=\"553\">Acest produs este un pigment concentrat, ambalat \u00een recipient de 6 ml, special formulat pentru a oferi o culoare intens\u0103 \u0219i uniform\u0103 \u00een diverse aplica\u021bii creative sau industriale. Datorit\u0103 consisten\u021bei sale, se amestec\u0103 u\u0219or cu materiale compatibile, asigur\u00e2nd o dispersie eficient\u0103 \u0219i rezultate constante.<\/p>\n<p data-start=\"555\" data-end=\"835\">Formula concentrat\u0103 permite ob\u021binerea unui efect vizibil chiar \u0219i \u00een cantit\u0103\u021bi reduse, fiind ideal\u0103 at\u00e2t pentru utiliz\u0103ri hobby, c\u00e2t \u0219i pentru proiecte profesionale. Produsul este ambalat \u00een flacon compact, u\u0219or de depozitat \u0219i de utilizat, oferind o dozare controlat\u0103 \u0219i precis\u0103.<\/p>\n<p data-start=\"837\" data-end=\"1013\">Indiferent de proiect, acest pigment reprezint\u0103 o solu\u021bie simpl\u0103 \u0219i eficient\u0103 pentru a \u00eembun\u0103t\u0103\u021bi aspectul final, conferind intensitate, durabilitate \u0219i un finisaj de calitate.<\/p>\n<p data-start=\"763\" data-end=\"777\"><strong data-start=\"763\" data-end=\"777\">Beneficii:<\/strong><\/p>\n<ul data-start=\"778\" data-end=\"961\">\n<li data-start=\"778\" data-end=\"818\">\n<p data-start=\"780\" data-end=\"818\">Culoare intens\u0103, uniform\u0103 \u0219i f\u0103r\u0103 pete<\/p>\n<\/li>\n<li data-start=\"819\" data-end=\"859\">\n<p data-start=\"821\" data-end=\"859\">Dozare u\u0219oar\u0103 pentru ajustarea nuan\u021bei<\/p>\n<\/li>\n<li data-start=\"860\" data-end=\"916\">\n<p data-start=\"862\" data-end=\"916\">Se amestec\u0103 rapid \u0219i nu afecteaz\u0103 procesul de \u00eent\u0103rire<\/p>\n<\/li>\n<li data-start=\"917\" data-end=\"961\">\n<p data-start=\"919\" data-end=\"961\">Perfect pentru \u00eencep\u0103tori \u0219i profesioni\u0219ti<\/p>\n<\/li>\n<\/ul>\n<p data-start=\"963\" data-end=\"1177\"><strong data-start=\"963\" data-end=\"993\">Instruc\u021biuni de utilizare:<\/strong><br \/>\nAgit\u0103 bine \u00eenainte de utilizare. Adaug\u0103 treptat pigmentul \u00een r\u0103\u0219in\u0103 p\u00e2n\u0103 ob\u021bii intensitatea dorit\u0103 \u0219i amestec\u0103 uniform. Recomand\u0103m purtarea de m\u0103nu\u0219i \u0219i lucrul \u00eentr-un mediu ventilat.<\/p>\n<p data-start=\"1179\" data-end=\"1332\">Alege culorile preferate \u0219i d\u0103 via\u021b\u0103 proiectelor tale cu pigmen\u021bii no\u0219tri pentru r\u0103\u0219in\u0103 \u2013 solu\u021bia ideal\u0103 pentru rezultate spectaculoase \u0219i personalizate!<\/p>\n<p class=\"product_title entry-title elementor-heading-title elementor-size-default\"><a href=\"https:\/\/perfect-home.ro\/en\/produs\/pigment-lichid-6-ml-coffee\/\">Pigment lichid 6 ml Coffee<\/a><\/p>\n<p data-start=\"1135\" data-end=\"1273\">Urmariti-ne pe <a href=\"https:\/\/www.facebook.com\/share\/1Gqno23cZH\/?mibextid=wwXIfr\" target=\"_blank\" rel=\"noopener\"><img decoding=\"async\" class=\"alignnone wp-image-714\" src=\"https:\/\/perfect-home.ro\/wp-content\/uploads\/2025\/11\/facebook-svgrepo-com1.svg\" alt=\"\" width=\"54\" height=\"54\" \/><\/a> <a href=\"https:\/\/www.instagram.com\/perfect_home.ro?igsh=MWoxa2RsM3I3MHc2Zg%3D%3D&amp;utm_source=qr\" target=\"_blank\" rel=\"noopener\"><img decoding=\"async\" class=\"alignnone wp-image-713\" src=\"https:\/\/perfect-home.ro\/wp-content\/uploads\/2025\/11\/instagram-svgrepo-com1.svg\" alt=\"\" width=\"54\" height=\"54\" \/><\/a> <a href=\"https:\/\/www.tiktok.com\/@perfecthome.ro?_r=1&amp;_t=ZN-91TdO6EBsjG\" target=\"_blank\" rel=\"noopener\"><img decoding=\"async\" class=\"alignnone wp-image-712\" src=\"https:\/\/perfect-home.ro\/wp-content\/uploads\/2025\/11\/tik-tok-svgrepo-com1.svg\" alt=\"\" width=\"54\" height=\"54\" \/><\/a><\/p>","protected":false},"excerpt":{"rendered":"<h2>Pigment lichid 6 ml white<\/h2>\n<p>Transform\u0103-\u021bi proiectele creative cu gama noastr\u0103 de pigmen\u021bi concentra\u021bi pentru r\u0103\u0219in\u0103 epoxidic\u0103 \u0219i r\u0103\u0219in\u0103 UV, disponibili \u00een multiple culori vibrante. Formula lor de \u00eenalt\u0103 calitate ofer\u0103 o colorare intens\u0103, uniform\u0103 \u0219i durabil\u0103, ideal\u0103 pentru bijuterii, decora\u021biuni, accesorii handmade, turn\u0103ri artistice \u0219i diverse proiecte DIY.<\/p>","protected":false},"featured_media":1338,"comment_status":"open","ping_status":"closed","template":"","meta":[],"product_brand":[],"product_cat":[35],"product_tag":[],"class_list":{"0":"post-1337","1":"product","2":"type-product","3":"status-publish","4":"has-post-thumbnail","6":"product_cat-pigmenti-lichizi","8":"first","9":"outofstock","10":"sale","11":"shipping-taxable","12":"purchasable","13":"product-type-simple"},"_links":{"self":[{"href":"https:\/\/perfect-home.ro\/en\/wp-json\/wp\/v2\/product\/1337","targetHints":{"allow":["GET"]}}],"collection":[{"href":"https:\/\/perfect-home.ro\/en\/wp-json\/wp\/v2\/product"}],"about":[{"href":"https:\/\/perfect-home.ro\/en\/wp-json\/wp\/v2\/types\/product"}],"replies":[{"embeddable":true,"href":"https:\/\/perfect-home.ro\/en\/wp-json\/wp\/v2\/comments?post=1337"}],"wp:featuredmedia":[{"embeddable":true,"href":"https:\/\/perfect-home.ro\/en\/wp-json\/wp\/v2\/media\/1338"}],"wp:attachment":[{"href":"https:\/\/perfect-home.ro\/en\/wp-json\/wp\/v2\/media?parent=1337"}],"wp:term":[{"taxonomy":"product_brand","embeddable":true,"href":"https:\/\/perfect-home.ro\/en\/wp-json\/wp\/v2\/product_brand?post=1337"},{"taxonomy":"product_cat","embeddable":true,"href":"https:\/\/perfect-home.ro\/en\/wp-json\/wp\/v2\/product_cat?post=1337"},{"taxonomy":"product_tag","embeddable":true,"href":"https:\/\/perfect-home.ro\/en\/wp-json\/wp\/v2\/product_tag?post=1337"}],"curies":[{"name":"wp","href":"https:\/\/api.w.org\/{rel}","templated":true}]}}