{"id":1409,"date":"2026-03-06T12:30:26","date_gmt":"2026-03-06T12:30:26","guid":{"rendered":"https:\/\/perfect-home.ro\/?post_type=product&#038;p=1409"},"modified":"2026-03-23T10:54:47","modified_gmt":"2026-03-23T10:54:47","slug":"pigment-pudra-5g-red-copper","status":"publish","type":"product","link":"https:\/\/perfect-home.ro\/en\/product\/pigment-pudra-5g-red-copper\/","title":{"rendered":"Pigment pudra 5g red copper"},"content":{"rendered":"<h2>Pigment pudra 5g red copper<\/h2>\n<p data-start=\"361\" data-end=\"767\"><strong data-start=\"361\" data-end=\"398\">PIGMEN\u021aI DE CALITATE PENTRU CRAFT<\/strong><br data-start=\"398\" data-end=\"401\" \/>Comparativ cu concentratele de culoare \u0219i alte produse de colorare, pulberea noastr\u0103 de mic\u0103 are o <strong data-start=\"500\" data-end=\"525\">structur\u0103 mai stabil\u0103<\/strong>. Atunci c\u00e2nd este folosit\u0103 \u00een produse handmade, <strong data-start=\"574\" data-end=\"622\">culorile vibrante se p\u0103streaz\u0103 mai mult timp<\/strong>, iar produsele au o <strong data-start=\"643\" data-end=\"672\">durat\u0103 de via\u021b\u0103 mai lung\u0103<\/strong>. Potrivit\u0103 pentru <strong data-start=\"691\" data-end=\"766\">toate tipurile de r\u0103\u0219ini, bijuterii, s\u0103punuri \u0219i alte proiecte handmade<\/strong>.<\/p>\n<p data-start=\"769\" data-end=\"1154\"><strong data-start=\"769\" data-end=\"803\">PIGMEN\u021aI COSMETICI DE CALITATE<\/strong><br data-start=\"803\" data-end=\"806\" \/>Pot fi utilizate ca <strong data-start=\"848\" data-end=\"901\">pigment excelent pentru luciu de buze (lip gloss)<\/strong> \u0219i pentru multe alte aplica\u021bii DIY de machiaj (cum ar fi <strong data-start=\"959\" data-end=\"997\">fard de pleoape, blush sau ruj DIY<\/strong>). Pulberea MICA este realizat\u0103 din <strong data-start=\"1036\" data-end=\"1079\">ingrediente naturale de \u00eenalt\u0103 calitate<\/strong>, <strong data-start=\"1081\" data-end=\"1097\">non-iritante<\/strong>, <strong data-start=\"1099\" data-end=\"1112\">f\u0103r\u0103 pete<\/strong>, <strong data-start=\"1114\" data-end=\"1124\" data-is-only-node=\"\">vegane<\/strong> \u0219i <strong data-start=\"1128\" data-end=\"1153\">prietenoase cu pielea<\/strong>.<\/p>\n<p data-start=\"1156\" data-end=\"1476\"><strong data-start=\"1156\" data-end=\"1176\">U\u0218OR DE UTILIZAT<\/strong><br data-start=\"1176\" data-end=\"1179\" \/>Pulberea noastr\u0103 MICA este foarte fin\u0103, cu <strong data-start=\"1225\" data-end=\"1255\">particule de 10\u201360 microni<\/strong>. O cantitate mic\u0103 de pigment concentrat ofer\u0103 <strong data-start=\"1302\" data-end=\"1323\">un efect excelent<\/strong>, fiind u\u0219or de amestecat cu alte materiale (<strong data-start=\"1368\" data-end=\"1423\">r\u0103\u0219in\u0103 epoxidic\u0103, baz\u0103 pentru lip gloss, s\u0103pun etc.<\/strong>) f\u0103r\u0103 a forma <strong data-start=\"1438\" data-end=\"1475\">aglomer\u0103ri sau bulg\u0103ri de pigment<\/strong>.<\/p>\n<p data-start=\"1478\" data-end=\"1632\"><strong data-start=\"1478\" data-end=\"1507\">CEL MAI BUN CADOU CREATIV<\/strong><br data-start=\"1507\" data-end=\"1510\" \/>O <strong data-start=\"1512\" data-end=\"1558\">idee perfect\u0103 de cadou pentru orice artist<\/strong>. Un cadou minunat pentru <strong data-start=\"1584\" data-end=\"1631\">Halloween, Cr\u0103ciun, zi de na\u0219tere sau Pa\u0219te<\/strong>.<\/p>\n<p>Vezi \u0219i:\u00a0<a href=\"https:\/\/perfect-home.ro\/en\/categorii\/rasina-epoxidica\/\">R\u0103\u0219in\u0103 epoxidic\u0103 transparent\u0103<\/a><\/p>\n<p>Urm\u0103ri\u021bi-ne \u0219i pe:\u00a0<a href=\"https:\/\/www.facebook.com\/share\/1Gqno23cZH\/?mibextid=wwXIfr\" target=\"_blank\" rel=\"noopener\"><img decoding=\"async\" class=\"alignnone wp-image-714\" src=\"https:\/\/perfect-home.ro\/wp-content\/uploads\/2025\/11\/facebook-svgrepo-com1.svg\" alt=\"\" width=\"54\" height=\"54\" \/><\/a>\u00a0<a href=\"https:\/\/www.instagram.com\/perfect_home.ro?igsh=MWoxa2RsM3I3MHc2Zg%3D%3D&amp;utm_source=qr\" target=\"_blank\" rel=\"noopener\"><img decoding=\"async\" class=\"alignnone wp-image-713\" src=\"https:\/\/perfect-home.ro\/wp-content\/uploads\/2025\/11\/instagram-svgrepo-com1.svg\" alt=\"\" width=\"54\" height=\"54\" \/><\/a>\u00a0<a href=\"https:\/\/www.tiktok.com\/@perfecthome.ro?_r=1&amp;_t=ZN-91TdO6EBsjG\" target=\"_blank\" rel=\"noopener\"><img decoding=\"async\" class=\"alignnone wp-image-712\" src=\"https:\/\/perfect-home.ro\/wp-content\/uploads\/2025\/11\/tik-tok-svgrepo-com1.svg\" alt=\"\" width=\"54\" height=\"54\" \/><\/a><\/p>","protected":false},"excerpt":{"rendered":"<h2>Pigment pudra 5g red copper<\/h2>\n<p data-start=\"361\" data-end=\"767\"><strong data-start=\"361\" data-end=\"398\">PIGMEN\u021aI DE CALITATE PENTRU CRAFT<\/strong><br data-start=\"398\" data-end=\"401\" \/>Comparativ cu concentratele de culoare \u0219i alte produse de colorare, pulberea noastr\u0103 de mic\u0103 are o <strong data-start=\"500\" data-end=\"525\">structur\u0103 mai stabil\u0103<\/strong>. Atunci c\u00e2nd este folosit\u0103 \u00een produse handmade, <strong data-start=\"574\" data-end=\"622\">culorile vibrante se p\u0103streaz\u0103 mai mult timp<\/strong>, iar produsele au o <strong data-start=\"643\" data-end=\"672\">durat\u0103 de via\u021b\u0103 mai lung\u0103<\/strong>. Potrivit\u0103 pentru <strong data-start=\"691\" data-end=\"766\">toate tipurile de r\u0103\u0219ini, bijuterii, s\u0103punuri \u0219i alte proiecte handmade<\/strong>.<\/p>","protected":false},"featured_media":1353,"comment_status":"open","ping_status":"closed","template":"","meta":[],"product_brand":[],"product_cat":[36],"product_tag":[],"class_list":{"0":"post-1409","1":"product","2":"type-product","3":"status-publish","4":"has-post-thumbnail","6":"product_cat-pigmenti-pudra","8":"first","9":"instock","10":"sale","11":"shipping-taxable","12":"purchasable","13":"product-type-simple"},"_links":{"self":[{"href":"https:\/\/perfect-home.ro\/en\/wp-json\/wp\/v2\/product\/1409","targetHints":{"allow":["GET"]}}],"collection":[{"href":"https:\/\/perfect-home.ro\/en\/wp-json\/wp\/v2\/product"}],"about":[{"href":"https:\/\/perfect-home.ro\/en\/wp-json\/wp\/v2\/types\/product"}],"replies":[{"embeddable":true,"href":"https:\/\/perfect-home.ro\/en\/wp-json\/wp\/v2\/comments?post=1409"}],"wp:featuredmedia":[{"embeddable":true,"href":"https:\/\/perfect-home.ro\/en\/wp-json\/wp\/v2\/media\/1353"}],"wp:attachment":[{"href":"https:\/\/perfect-home.ro\/en\/wp-json\/wp\/v2\/media?parent=1409"}],"wp:term":[{"taxonomy":"product_brand","embeddable":true,"href":"https:\/\/perfect-home.ro\/en\/wp-json\/wp\/v2\/product_brand?post=1409"},{"taxonomy":"product_cat","embeddable":true,"href":"https:\/\/perfect-home.ro\/en\/wp-json\/wp\/v2\/product_cat?post=1409"},{"taxonomy":"product_tag","embeddable":true,"href":"https:\/\/perfect-home.ro\/en\/wp-json\/wp\/v2\/product_tag?post=1409"}],"curies":[{"name":"wp","href":"https:\/\/api.w.org\/{rel}","templated":true}]}}