{"id":1596,"date":"2026-04-16T17:35:12","date_gmt":"2026-04-16T17:35:12","guid":{"rendered":"https:\/\/perfect-home.ro\/?post_type=product&#038;p=1596"},"modified":"2026-04-16T17:35:12","modified_gmt":"2026-04-16T17:35:12","slug":"kit-rasina-uv-153-buc","status":"publish","type":"product","link":"https:\/\/perfect-home.ro\/en\/product\/kit-rasina-uv-153-buc\/","title":{"rendered":"Kit rasina UV 153 BUC"},"content":{"rendered":"<h2>Kit rasina UV 153 BUC<\/h2>\n<p data-start=\"51\" data-end=\"585\">Setul LET&#8217;S RESIN pentru bijuterii din r\u0103\u0219in\u0103 UV con\u021bine r\u0103\u0219in\u0103 UV transparent\u0103 de \u00eenalt\u0103 calitate (250g), cu claritate ridicat\u0103. Include o lamp\u0103 UV \u00eembun\u0103t\u0103\u021bit\u0103, matri\u021be pentru cercei, 12 culori de sclipici, 12 tipuri de fulgi glitter, 12 tipuri de flori presate uscate, pandantive bezel, stickere cu planete, lan\u021buri pentru coliere, brelocuri, c\u00e2rlige pentru cercei, inele de prindere, band\u0103 pentru r\u0103\u0219in\u0103, penset\u0103 \u0219i unelte pentru r\u0103\u0219in\u0103 (pahar mic din silicon, agitator \u0219i linguri\u021b\u0103 din silicon), precum \u0219i un manual de utilizare.<\/p>\n<p data-start=\"587\" data-end=\"953\"><strong data-start=\"587\" data-end=\"617\">U\u0219or \u0219i rapid de utilizat:<\/strong><br data-start=\"617\" data-end=\"620\" \/>R\u0103\u0219ina UV LET&#8217;S RESIN este realizat\u0103 din materiale de calitate superioar\u0103, av\u00e2nd \u00eent\u0103rire rapid\u0103, contrac\u021bie redus\u0103, transparen\u021b\u0103 excelent\u0103 \u0219i rezisten\u021b\u0103 la \u00eeng\u0103lbenire. Lampa UV portabil\u0103 are LED-uri puternice, este pliabil\u0103 \u0219i u\u0219or de depozitat \u0219i transportat. Vei putea s\u0103 te bucuri de procesul DIY \u00eentr-un mod simplu \u0219i eficient.<\/p>\n<p data-start=\"955\" data-end=\"1180\"><strong data-start=\"955\" data-end=\"977\">Accesorii variate:<\/strong><br data-start=\"977\" data-end=\"980\" \/>Kitul include o gam\u0103 larg\u0103 de elemente decorative \u0219i accesorii \u2013 sclipici, fulgi glitter, flori uscate, stickere, pandantive \u0219i unelte \u2013 ideale at\u00e2t pentru \u00eencep\u0103tori, c\u00e2t \u0219i pentru pasiona\u021bii de DIY.<\/p>\n<p data-start=\"1182\" data-end=\"1458\"><strong data-start=\"1182\" data-end=\"1206\">Utilizare versatil\u0103:<\/strong><br data-start=\"1206\" data-end=\"1209\" \/>Poate fi folosit pentru realizarea de brelocuri, bijuterii (cercei, br\u0103\u021b\u0103ri, inele de cuplu), suporturi pentru pahare, accesorii vestimentare \u0219i multe altele. De asemenea, este potrivit pentru decorarea obiectelor sau a spa\u021biilor din cas\u0103 ori birou.<\/p>\n<p data-start=\"1460\" data-end=\"1827\"><strong data-start=\"1460\" data-end=\"1489\">De ce s\u0103 alegi acest set:<\/strong><br data-start=\"1489\" data-end=\"1492\" \/>Produsele sunt atent controlate din punct de vedere al calit\u0103\u021bii, iar experien\u021ba utilizatorului este o prioritate. R\u0103\u0219ina UV are o durat\u0103 de valabilitate de aproximativ un an. Este recomandat s\u0103 cite\u0219ti cu aten\u021bie instruc\u021biunile \u00eenainte de utilizare. \u00cen cazul unor probleme (scurgeri, \u00eent\u0103rire etc.), po\u021bi contacta serviciul de suport.<\/p>\n<p>Vezi \u0219i:\u00a0<a href=\"https:\/\/perfect-home.ro\/en\/categorii\/rasina-epoxidica\/\">R\u0103\u0219in\u0103 epoxidic\u0103 transparent\u0103<\/a><\/p>\n<p>Urm\u0103ri\u021bi-ne \u0219i pe:\u00a0<a href=\"https:\/\/www.facebook.com\/share\/1Gqno23cZH\/?mibextid=wwXIfr\" target=\"_blank\" rel=\"noopener\"><img decoding=\"async\" class=\"alignnone wp-image-714\" src=\"https:\/\/perfect-home.ro\/wp-content\/uploads\/2025\/11\/facebook-svgrepo-com1.svg\" alt=\"\" width=\"54\" height=\"54\" \/><\/a>\u00a0<a href=\"https:\/\/www.instagram.com\/perfect_home.ro?igsh=MWoxa2RsM3I3MHc2Zg%3D%3D&amp;utm_source=qr\" target=\"_blank\" rel=\"noopener\"><img decoding=\"async\" class=\"alignnone wp-image-713\" src=\"https:\/\/perfect-home.ro\/wp-content\/uploads\/2025\/11\/instagram-svgrepo-com1.svg\" alt=\"\" width=\"54\" height=\"54\" \/><\/a>\u00a0<a href=\"https:\/\/www.tiktok.com\/@perfecthome.ro?_r=1&amp;_t=ZN-91TdO6EBsjG\" target=\"_blank\" rel=\"noopener\"><img decoding=\"async\" class=\"alignnone wp-image-712\" src=\"https:\/\/perfect-home.ro\/wp-content\/uploads\/2025\/11\/tik-tok-svgrepo-com1.svg\" alt=\"\" width=\"54\" height=\"54\" \/><\/a><\/p>","protected":false},"excerpt":{"rendered":"<h2>Kit rasina UV 153 BUC<\/h2>\n<p data-start=\"51\" data-end=\"585\">Setul LET&#8217;S RESIN pentru bijuterii din r\u0103\u0219in\u0103 UV con\u021bine r\u0103\u0219in\u0103 UV transparent\u0103 de \u00eenalt\u0103 calitate (250g), cu claritate ridicat\u0103. Include o lamp\u0103 UV \u00eembun\u0103t\u0103\u021bit\u0103, matri\u021be pentru cercei, 12 culori de sclipici, 12 tipuri de fulgi glitter, 12 tipuri de flori presate uscate, pandantive bezel, stickere cu planete, lan\u021buri pentru coliere, brelocuri, c\u00e2rlige pentru cercei, inele de prindere, band\u0103 pentru r\u0103\u0219in\u0103, penset\u0103 \u0219i unelte pentru r\u0103\u0219in\u0103 (pahar mic din silicon, agitator \u0219i linguri\u021b\u0103 din silicon), precum \u0219i un manual de utilizare.<\/p>","protected":false},"featured_media":1598,"comment_status":"open","ping_status":"closed","template":"","meta":[],"product_brand":[],"product_cat":[21],"product_tag":[],"class_list":{"0":"post-1596","1":"product","2":"type-product","3":"status-publish","4":"has-post-thumbnail","6":"product_cat-rasina-epoxidica","8":"first","9":"instock","10":"shipping-taxable","11":"purchasable","12":"product-type-simple"},"_links":{"self":[{"href":"https:\/\/perfect-home.ro\/en\/wp-json\/wp\/v2\/product\/1596","targetHints":{"allow":["GET"]}}],"collection":[{"href":"https:\/\/perfect-home.ro\/en\/wp-json\/wp\/v2\/product"}],"about":[{"href":"https:\/\/perfect-home.ro\/en\/wp-json\/wp\/v2\/types\/product"}],"replies":[{"embeddable":true,"href":"https:\/\/perfect-home.ro\/en\/wp-json\/wp\/v2\/comments?post=1596"}],"wp:featuredmedia":[{"embeddable":true,"href":"https:\/\/perfect-home.ro\/en\/wp-json\/wp\/v2\/media\/1598"}],"wp:attachment":[{"href":"https:\/\/perfect-home.ro\/en\/wp-json\/wp\/v2\/media?parent=1596"}],"wp:term":[{"taxonomy":"product_brand","embeddable":true,"href":"https:\/\/perfect-home.ro\/en\/wp-json\/wp\/v2\/product_brand?post=1596"},{"taxonomy":"product_cat","embeddable":true,"href":"https:\/\/perfect-home.ro\/en\/wp-json\/wp\/v2\/product_cat?post=1596"},{"taxonomy":"product_tag","embeddable":true,"href":"https:\/\/perfect-home.ro\/en\/wp-json\/wp\/v2\/product_tag?post=1596"}],"curies":[{"name":"wp","href":"https:\/\/api.w.org\/{rel}","templated":true}]}}