{"id":1599,"date":"2026-04-16T17:39:13","date_gmt":"2026-04-16T17:39:13","guid":{"rendered":"https:\/\/perfect-home.ro\/?post_type=product&#038;p=1599"},"modified":"2026-04-16T17:39:13","modified_gmt":"2026-04-16T17:39:13","slug":"banda-adeziva-rasina-uv-32m","status":"publish","type":"product","link":"https:\/\/perfect-home.ro\/en\/product\/banda-adeziva-rasina-uv-32m\/","title":{"rendered":"Banda adeziva rasina UV 32m"},"content":{"rendered":"<h2>Banda adeziva rasina UV 32m<\/h2>\n<p data-start=\"58\" data-end=\"468\"><strong data-start=\"58\" data-end=\"131\">Rezisten\u021b\u0103 ridicat\u0103 la temperatur\u0103 &amp; material de calitate superioar\u0103:<\/strong><br data-start=\"131\" data-end=\"134\" \/>Banda verde LET&#8217;S RESIN este realizat\u0103 din film PET \u0219i acoperit\u0103 cu silicon rezistent la temperaturi \u00eenalte. Suport\u0103 temperaturi de p\u00e2n\u0103 la 200\u00b0C, fiind ideal\u0103 pentru proiecte care implic\u0103 c\u0103ldur\u0103 ridicat\u0103. Nu se onduleaz\u0103 \u0219i nu se tope\u0219te u\u0219or, fiind perfect\u0103 pentru lucr\u0103ri cu r\u0103\u0219in\u0103 epoxidic\u0103, inclusiv proiecte de mari dimensiuni.<\/p>\n<p data-start=\"470\" data-end=\"825\"><strong data-start=\"470\" data-end=\"508\">F\u0103r\u0103 reziduuri &amp; u\u0219or de utilizat:<\/strong><br data-start=\"508\" data-end=\"511\" \/>Banda se dezlipe\u0219te u\u0219or f\u0103r\u0103 a l\u0103sa urme sau reziduuri care ar putea afecta rezultatul final. Este simplu de aplicat \u0219i se \u00eendep\u0103rteaz\u0103 rapid de pe suprafe\u021bele din r\u0103\u0219in\u0103. Datorit\u0103 aderen\u021bei puternice, este ideal\u0103 pentru matri\u021be din dou\u0103 p\u0103r\u021bi, mese din epoxy sau pentru sigilare, oferind linii curate \u0219i precise.<\/p>\n<p data-start=\"827\" data-end=\"1157\"><strong data-start=\"827\" data-end=\"855\">Rezisten\u021b\u0103 chimic\u0103 &amp; UV:<\/strong><br data-start=\"855\" data-end=\"858\" \/>Aceast\u0103 band\u0103 este potrivit\u0103 pentru utilizarea cu r\u0103\u0219ini epoxidice profesionale, inclusiv de tip marin. Are rezisten\u021b\u0103 excelent\u0103 la ap\u0103, uzur\u0103, acizi, alcali \u0219i coroziune. Poate fi folosit\u0103 \u0219i \u00een aplica\u021bii precum sudur\u0103, vopsire \u00een cuptor, pl\u0103ci de circuite, motoare sau echipamente electromecanice.<\/p>\n<p data-start=\"1159\" data-end=\"1407\"><strong data-start=\"1159\" data-end=\"1217\">Band\u0103 siliconic\u0103 pentru vopsire \u00een c\u00e2mp electrostatic:<\/strong><br data-start=\"1217\" data-end=\"1220\" \/>Poate fi utilizat\u0103 ca band\u0103 pentru powder coating sau pentru aplica\u021bii de tip foto-broderie. Rezist\u0103 la temperaturi ridicate \u0219i substan\u021be chimice \u0219i se \u00eendep\u0103rteaz\u0103 u\u0219or f\u0103r\u0103 a l\u0103sa urme.<\/p>\n<p data-start=\"1409\" data-end=\"1629\"><strong data-start=\"1409\" data-end=\"1434\">Servicii de calitate:<\/strong><br data-start=\"1434\" data-end=\"1437\" \/>LET&#8217;S RESIN pune accent pe experien\u021ba clientului \u0219i \u00eembun\u0103t\u0103\u021be\u0219te constant produsele. Dac\u0103 \u00eent\u00e2mpini probleme \u00een utilizare, po\u021bi contacta echipa de suport pentru asisten\u021b\u0103 rapid\u0103 \u0219i eficient\u0103.<\/p>\n<p>Vezi \u0219i:\u00a0<a href=\"https:\/\/perfect-home.ro\/en\/categorii\/rasina-epoxidica\/\">R\u0103\u0219in\u0103 epoxidic\u0103 transparent\u0103<\/a><\/p>\n<p>Urm\u0103ri\u021bi-ne \u0219i pe:\u00a0<a href=\"https:\/\/www.facebook.com\/share\/1Gqno23cZH\/?mibextid=wwXIfr\" target=\"_blank\" rel=\"noopener\"><img decoding=\"async\" class=\"alignnone wp-image-714\" src=\"https:\/\/perfect-home.ro\/wp-content\/uploads\/2025\/11\/facebook-svgrepo-com1.svg\" alt=\"\" width=\"54\" height=\"54\" \/><\/a>\u00a0<a href=\"https:\/\/www.instagram.com\/perfect_home.ro?igsh=MWoxa2RsM3I3MHc2Zg%3D%3D&amp;utm_source=qr\" target=\"_blank\" rel=\"noopener\"><img decoding=\"async\" class=\"alignnone wp-image-713\" src=\"https:\/\/perfect-home.ro\/wp-content\/uploads\/2025\/11\/instagram-svgrepo-com1.svg\" alt=\"\" width=\"54\" height=\"54\" \/><\/a>\u00a0<a href=\"https:\/\/www.tiktok.com\/@perfecthome.ro?_r=1&amp;_t=ZN-91TdO6EBsjG\" target=\"_blank\" rel=\"noopener\"><img decoding=\"async\" class=\"alignnone wp-image-712\" src=\"https:\/\/perfect-home.ro\/wp-content\/uploads\/2025\/11\/tik-tok-svgrepo-com1.svg\" alt=\"\" width=\"54\" height=\"54\" \/><\/a><\/p>","protected":false},"excerpt":{"rendered":"<h2>Banda adeziva rasina UV 32m<\/h2>\n<p data-start=\"58\" data-end=\"468\"><strong data-start=\"58\" data-end=\"131\">Rezisten\u021b\u0103 ridicat\u0103 la temperatur\u0103 &amp; material de calitate superioar\u0103:<\/strong><br data-start=\"131\" data-end=\"134\" \/>Banda verde LET&#8217;S RESIN este realizat\u0103 din film PET \u0219i acoperit\u0103 cu silicon rezistent la temperaturi \u00eenalte. Suport\u0103 temperaturi de p\u00e2n\u0103 la 200\u00b0C, fiind ideal\u0103 pentru proiecte care implic\u0103 c\u0103ldur\u0103 ridicat\u0103. Nu se onduleaz\u0103 \u0219i nu se tope\u0219te u\u0219or, fiind perfect\u0103 pentru lucr\u0103ri cu r\u0103\u0219in\u0103 epoxidic\u0103, inclusiv proiecte de mari dimensiuni.<\/p>","protected":false},"featured_media":1606,"comment_status":"open","ping_status":"closed","template":"","meta":[],"product_brand":[],"product_cat":[21],"product_tag":[],"class_list":{"0":"post-1599","1":"product","2":"type-product","3":"status-publish","4":"has-post-thumbnail","6":"product_cat-rasina-epoxidica","8":"first","9":"instock","10":"shipping-taxable","11":"purchasable","12":"product-type-simple"},"_links":{"self":[{"href":"https:\/\/perfect-home.ro\/en\/wp-json\/wp\/v2\/product\/1599","targetHints":{"allow":["GET"]}}],"collection":[{"href":"https:\/\/perfect-home.ro\/en\/wp-json\/wp\/v2\/product"}],"about":[{"href":"https:\/\/perfect-home.ro\/en\/wp-json\/wp\/v2\/types\/product"}],"replies":[{"embeddable":true,"href":"https:\/\/perfect-home.ro\/en\/wp-json\/wp\/v2\/comments?post=1599"}],"wp:featuredmedia":[{"embeddable":true,"href":"https:\/\/perfect-home.ro\/en\/wp-json\/wp\/v2\/media\/1606"}],"wp:attachment":[{"href":"https:\/\/perfect-home.ro\/en\/wp-json\/wp\/v2\/media?parent=1599"}],"wp:term":[{"taxonomy":"product_brand","embeddable":true,"href":"https:\/\/perfect-home.ro\/en\/wp-json\/wp\/v2\/product_brand?post=1599"},{"taxonomy":"product_cat","embeddable":true,"href":"https:\/\/perfect-home.ro\/en\/wp-json\/wp\/v2\/product_cat?post=1599"},{"taxonomy":"product_tag","embeddable":true,"href":"https:\/\/perfect-home.ro\/en\/wp-json\/wp\/v2\/product_tag?post=1599"}],"curies":[{"name":"wp","href":"https:\/\/api.w.org\/{rel}","templated":true}]}}