{"id":1607,"date":"2026-04-16T17:42:11","date_gmt":"2026-04-16T17:42:11","guid":{"rendered":"https:\/\/perfect-home.ro\/?post_type=product&#038;p=1607"},"modified":"2026-04-16T17:52:17","modified_gmt":"2026-04-16T17:52:17","slug":"kit-rasina-uv-200gr","status":"publish","type":"product","link":"https:\/\/perfect-home.ro\/en\/product\/kit-rasina-uv-200gr\/","title":{"rendered":"Kit rasina UV 200GR"},"content":{"rendered":"<h2>Kit rasina UV 200GR<\/h2>\n<p data-start=\"0\" data-end=\"72\"><strong data-start=\"0\" data-end=\"72\">R\u0103\u0219in\u0103 UV LET&#8217;S RESIN \u2013 performan\u021b\u0103 \u00eembun\u0103t\u0103\u021bit\u0103 pentru proiecte DIY<\/strong><\/p>\n<p data-start=\"74\" data-end=\"492\"><strong data-start=\"74\" data-end=\"108\">Miros redus &amp; duritate optim\u0103:<\/strong><br data-start=\"108\" data-end=\"111\" \/>R\u0103\u0219ina UV LET&#8217;S RESIN este dezvoltat\u0103 prin teste \u0219i \u00eembun\u0103t\u0103\u021biri \u00eendelungate, folosind materiale de \u00eenalt\u0103 calitate. Con\u021bine diluan\u021bi reactivi care reduc compu\u0219ii VOC volatili, diminu\u00e2nd mirosul \u0219i oferind o utilizare mai sigur\u0103. Are o rat\u0103 de contrac\u021bie sub 3% \u0219i atinge o duritate de p\u00e2n\u0103 la 85D dup\u0103 \u00eent\u0103rire, oferind rezisten\u021b\u0103 excelent\u0103 la zg\u00e2rieturi \u0219i durabilitate ridicat\u0103.<\/p>\n<p data-start=\"494\" data-end=\"715\"><strong data-start=\"494\" data-end=\"519\">Unelte mai eficiente:<\/strong><br data-start=\"519\" data-end=\"522\" \/>Kitul include o lamp\u0103 UV performant\u0103, aleas\u0103 pentru a reduce timpul de \u00eent\u0103rire \u0219i a cre\u0219te eficien\u021ba. Dispune de 8 LED-uri care asigur\u0103 o acoperire complet\u0103 a crea\u021biilor. Func\u021bionare simpl\u0103:<\/p>\n<ul data-start=\"716\" data-end=\"925\">\n<li data-section-id=\"qqe5m6\" data-start=\"716\" data-end=\"763\">o ap\u0103sare \u2192 oprire automat\u0103 dup\u0103 60 secunde<\/li>\n<li data-section-id=\"epkspg\" data-start=\"764\" data-end=\"925\">ap\u0103sare lung\u0103 (3 secunde) \u2192 oprire dup\u0103 120 secunde<br data-start=\"817\" data-end=\"820\" \/>De asemenea, sunt incluse unelte de amestecare \u0219i un covora\u0219 din silicon pentru lucru curat \u0219i organizat.<\/li>\n<\/ul>\n<p data-start=\"927\" data-end=\"1230\"><strong data-start=\"927\" data-end=\"973\">V\u00e2scozitate ridicat\u0103 &amp; aderen\u021b\u0103 excelent\u0103:<\/strong><br data-start=\"973\" data-end=\"976\" \/>Formula personalizat\u0103 \u0219i raportul optim de fotoini\u021biatori asigur\u0103 o \u00eent\u0103rire eficient\u0103. Cu o v\u00e2scozitate de p\u00e2n\u0103 la 3700 mPa\u00b7s \u0219i adaos de adeziv acrilic, r\u0103\u0219ina ader\u0103 foarte bine pe diverse materiale, precum sticla sau elementele decorative din cristal.<\/p>\n<p data-start=\"1232\" data-end=\"1510\"><strong data-start=\"1232\" data-end=\"1285\">Claritate cristalin\u0103 &amp; rezisten\u021b\u0103 la \u00eeng\u0103lbenire:<\/strong><br data-start=\"1285\" data-end=\"1288\" \/>R\u0103\u0219ina con\u021bine antioxidan\u021bi \u0219i are un indice de refrac\u021bie ridicat (de peste 1,5), ceea ce ofer\u0103 transparen\u021b\u0103 superioar\u0103 \u0219i protec\u021bie \u00eempotriva \u00eeng\u0103lbenirii \u00een timp. Nu las\u0103 urme \u0219i este ideal\u0103 pentru materiale translucide.<\/p>\n<p data-start=\"1512\" data-end=\"1836\"><strong data-start=\"1512\" data-end=\"1537\">Sfaturi de utilizare:<\/strong><br data-start=\"1537\" data-end=\"1540\" \/>\u2460 Depoziteaz\u0103 \u00eentr-un loc r\u0103coros.<br data-start=\"1574\" data-end=\"1577\" \/>\u2461 Testeaz\u0103 o cantitate mic\u0103 \u00eenainte de utilizare pentru a te familiariza cu produsul.<br data-start=\"1662\" data-end=\"1665\" \/>\u2462 Suprafe\u021bele trebuie s\u0103 fie curate \u0219i uscate \u00eenainte de aplicare.<br data-start=\"1731\" data-end=\"1734\" \/>\u2463 \u00cent\u0103rirea complet\u0103 se realizeaz\u0103 doar sub lumin\u0103 UV \u2013 folose\u0219te o lamp\u0103 special\u0103 pentru r\u0103\u0219in\u0103 UV.<\/p>\n<p>Vezi \u0219i:\u00a0<a href=\"https:\/\/perfect-home.ro\/en\/categorii\/rasina-epoxidica\/\">R\u0103\u0219in\u0103 epoxidic\u0103 transparent\u0103<\/a><\/p>\n<p>Urm\u0103ri\u021bi-ne \u0219i pe:\u00a0<a href=\"https:\/\/www.facebook.com\/share\/1Gqno23cZH\/?mibextid=wwXIfr\" target=\"_blank\" rel=\"noopener\"><img decoding=\"async\" class=\"alignnone wp-image-714\" src=\"https:\/\/perfect-home.ro\/wp-content\/uploads\/2025\/11\/facebook-svgrepo-com1.svg\" alt=\"\" width=\"54\" height=\"54\" \/><\/a>\u00a0<a href=\"https:\/\/www.instagram.com\/perfect_home.ro?igsh=MWoxa2RsM3I3MHc2Zg%3D%3D&amp;utm_source=qr\" target=\"_blank\" rel=\"noopener\"><img decoding=\"async\" class=\"alignnone wp-image-713\" src=\"https:\/\/perfect-home.ro\/wp-content\/uploads\/2025\/11\/instagram-svgrepo-com1.svg\" alt=\"\" width=\"54\" height=\"54\" \/><\/a>\u00a0<a href=\"https:\/\/www.tiktok.com\/@perfecthome.ro?_r=1&amp;_t=ZN-91TdO6EBsjG\" target=\"_blank\" rel=\"noopener\"><img decoding=\"async\" class=\"alignnone wp-image-712\" src=\"https:\/\/perfect-home.ro\/wp-content\/uploads\/2025\/11\/tik-tok-svgrepo-com1.svg\" alt=\"\" width=\"54\" height=\"54\" \/><\/a><\/p>","protected":false},"excerpt":{"rendered":"<h2>Kit rasina UV 200GR<\/h2>\n<p data-start=\"0\" data-end=\"72\"><strong data-start=\"0\" data-end=\"72\">R\u0103\u0219in\u0103 UV LET&#8217;S RESIN \u2013 performan\u021b\u0103 \u00eembun\u0103t\u0103\u021bit\u0103 pentru proiecte DIY<\/strong><\/p>\n<p data-start=\"74\" data-end=\"492\"><strong data-start=\"74\" data-end=\"108\">Miros redus &amp; duritate optim\u0103:<\/strong><br data-start=\"108\" data-end=\"111\" \/>R\u0103\u0219ina UV LET&#8217;S RESIN este dezvoltat\u0103 prin teste \u0219i \u00eembun\u0103t\u0103\u021biri \u00eendelungate, folosind materiale de \u00eenalt\u0103 calitate. Con\u021bine diluan\u021bi reactivi care reduc compu\u0219ii VOC volatili, diminu\u00e2nd mirosul \u0219i oferind o utilizare mai sigur\u0103. Are o rat\u0103 de contrac\u021bie sub 3% \u0219i atinge o duritate de p\u00e2n\u0103 la 85D dup\u0103 \u00eent\u0103rire, oferind rezisten\u021b\u0103 excelent\u0103 la zg\u00e2rieturi \u0219i durabilitate ridicat\u0103.<\/p>","protected":false},"featured_media":1608,"comment_status":"open","ping_status":"closed","template":"","meta":[],"product_brand":[],"product_cat":[21],"product_tag":[],"class_list":{"0":"post-1607","1":"product","2":"type-product","3":"status-publish","4":"has-post-thumbnail","6":"product_cat-rasina-epoxidica","8":"first","9":"instock","10":"shipping-taxable","11":"purchasable","12":"product-type-simple"},"_links":{"self":[{"href":"https:\/\/perfect-home.ro\/en\/wp-json\/wp\/v2\/product\/1607","targetHints":{"allow":["GET"]}}],"collection":[{"href":"https:\/\/perfect-home.ro\/en\/wp-json\/wp\/v2\/product"}],"about":[{"href":"https:\/\/perfect-home.ro\/en\/wp-json\/wp\/v2\/types\/product"}],"replies":[{"embeddable":true,"href":"https:\/\/perfect-home.ro\/en\/wp-json\/wp\/v2\/comments?post=1607"}],"wp:featuredmedia":[{"embeddable":true,"href":"https:\/\/perfect-home.ro\/en\/wp-json\/wp\/v2\/media\/1608"}],"wp:attachment":[{"href":"https:\/\/perfect-home.ro\/en\/wp-json\/wp\/v2\/media?parent=1607"}],"wp:term":[{"taxonomy":"product_brand","embeddable":true,"href":"https:\/\/perfect-home.ro\/en\/wp-json\/wp\/v2\/product_brand?post=1607"},{"taxonomy":"product_cat","embeddable":true,"href":"https:\/\/perfect-home.ro\/en\/wp-json\/wp\/v2\/product_cat?post=1607"},{"taxonomy":"product_tag","embeddable":true,"href":"https:\/\/perfect-home.ro\/en\/wp-json\/wp\/v2\/product_tag?post=1607"}],"curies":[{"name":"wp","href":"https:\/\/api.w.org\/{rel}","templated":true}]}}