{"id":1609,"date":"2026-04-16T17:47:11","date_gmt":"2026-04-16T17:47:11","guid":{"rendered":"https:\/\/perfect-home.ro\/?post_type=product&#038;p=1609"},"modified":"2026-04-16T17:47:11","modified_gmt":"2026-04-16T17:47:11","slug":"ulei-pentru-protectie-lemn-1-litru","status":"publish","type":"product","link":"https:\/\/perfect-home.ro\/en\/product\/ulei-pentru-protectie-lemn-1-litru\/","title":{"rendered":"Ulei pentru protectie lemn &#8211; 1 litru"},"content":{"rendered":"<h2>Ulei pentru protectie lemn &#8211; 1 litru<\/h2>\n<p data-start=\"87\" data-end=\"412\"><strong data-start=\"87\" data-end=\"135\">Sigur pentru contact alimentar &amp; certificat:<\/strong><br data-start=\"135\" data-end=\"138\" \/>Produsul respect\u0103 <span class=\"hover:entity-accent entity-underline inline cursor-pointer align-baseline\"><span class=\"whitespace-normal\">Regulamentul (CE) nr. 1935\/2004<\/span><\/span>, standardul german <span class=\"hover:entity-accent entity-underline inline cursor-pointer align-baseline\"><span class=\"whitespace-normal\">LFGB<\/span><\/span> \u0219i <span class=\"hover:entity-accent entity-underline inline cursor-pointer align-baseline\"><span class=\"whitespace-normal\">Regulamentul (UE) nr. 10\/2011<\/span><\/span>. Testat independent \u00eentr-un laborator acreditat DAkkS, fiind sigur pentru suprafe\u021be care intr\u0103 \u00een contact cu alimentele.<\/p>\n<p data-start=\"414\" data-end=\"635\"><strong data-start=\"414\" data-end=\"449\">Protec\u021bie natural\u0103 pentru lemn:<\/strong><br data-start=\"449\" data-end=\"452\" \/>Lac de ulei de in de \u00eenalt\u0103 calitate, realizat din ulei de in fiert 100% natural. Ideal pentru impregnarea \u0219i \u00eentre\u021binerea suprafe\u021belor din lemn, at\u00e2t la interior, c\u00e2t \u0219i la exterior.<\/p>\n<p data-start=\"637\" data-end=\"893\"><strong data-start=\"637\" data-end=\"681\">Protec\u021bie profund\u0103 &amp; rezisten\u021b\u0103 sporit\u0103:<\/strong><br data-start=\"681\" data-end=\"684\" \/>P\u0103trunde ad\u00e2nc \u00een structura lemnului, oferind protec\u021bie eficient\u0103 \u00eempotriva umidit\u0103\u021bii, prafului \u0219i murd\u0103riei. Contribuie la prelungirea duratei de via\u021b\u0103 a lemnului, fiind perfect pentru utilizare \u00een exterior.<\/p>\n<p data-start=\"895\" data-end=\"1113\"><strong data-start=\"895\" data-end=\"928\">Eviden\u021biaz\u0103 textura natural\u0103:<\/strong><br data-start=\"928\" data-end=\"931\" \/>Acest ulei incolor pentru mobilier scoate \u00een eviden\u021b\u0103 fibra \u0219i culoarea natural\u0103 a lemnului, oferind un aspect cald \u0219i estetic. Ideal pentru mese din lemn sau esen\u021be precum stejarul.<\/p>\n<p data-start=\"1115\" data-end=\"1371\"><strong data-start=\"1115\" data-end=\"1139\">Utilizare versatil\u0103:<\/strong><br data-start=\"1139\" data-end=\"1142\" \/>Potrivit pentru mobilier, podele, parchet, plac\u0103ri de perete, rame de ferestre \u0219i u\u0219i. Poate fi folosit \u0219i ca strat de baz\u0103 pentru vopsele pe baz\u0103 de ulei \u0219i r\u0103\u0219in\u0103. Ideal ca ulei pentru mobilier, ulei dur sau ulei pentru terase.<\/p>\n<p data-start=\"1373\" data-end=\"1542\"><strong data-start=\"1373\" data-end=\"1415\">Sigur pentru alimente &amp; uscare rapid\u0103:<\/strong><br data-start=\"1415\" data-end=\"1418\" \/>Aprobat pentru suprafe\u021be din lemn care intr\u0103 \u00een contact cu alimentele (toc\u0103toare, mese). Timp de uscare: aproximativ 18 ore.<\/p>\n<p data-start=\"1544\" data-end=\"1796\"><strong data-start=\"1544\" data-end=\"1584\">Randament ridicat &amp; efect de durat\u0103:<\/strong><br data-start=\"1584\" data-end=\"1587\" \/>1 litru acoper\u0103 aproximativ 12\u201315 m\u00b2 (\u00een func\u021bie de tipul \u0219i absorb\u021bia lemnului). Disponibil \u00een variante de 1L, 5L \u0219i 10L. Polimerizarea complet\u0103 are loc \u00een 5\u201310 zile, asigur\u00e2nd o protec\u021bie durabil\u0103 \u00een timp.<\/p>\n<p>Vezi \u0219i:\u00a0<a href=\"https:\/\/perfect-home.ro\/en\/categorii\/rasina-epoxidica\/\">R\u0103\u0219in\u0103 epoxidic\u0103 transparent\u0103<\/a><\/p>\n<p>Urm\u0103ri\u021bi-ne \u0219i pe:\u00a0<a href=\"https:\/\/www.facebook.com\/share\/1Gqno23cZH\/?mibextid=wwXIfr\" target=\"_blank\" rel=\"noopener\"><img decoding=\"async\" class=\"alignnone wp-image-714\" src=\"https:\/\/perfect-home.ro\/wp-content\/uploads\/2025\/11\/facebook-svgrepo-com1.svg\" alt=\"\" width=\"54\" height=\"54\" \/><\/a>\u00a0<a href=\"https:\/\/www.instagram.com\/perfect_home.ro?igsh=MWoxa2RsM3I3MHc2Zg%3D%3D&amp;utm_source=qr\" target=\"_blank\" rel=\"noopener\"><img decoding=\"async\" class=\"alignnone wp-image-713\" src=\"https:\/\/perfect-home.ro\/wp-content\/uploads\/2025\/11\/instagram-svgrepo-com1.svg\" alt=\"\" width=\"54\" height=\"54\" \/><\/a>\u00a0<a href=\"https:\/\/www.tiktok.com\/@perfecthome.ro?_r=1&amp;_t=ZN-91TdO6EBsjG\" target=\"_blank\" rel=\"noopener\"><img decoding=\"async\" class=\"alignnone wp-image-712\" src=\"https:\/\/perfect-home.ro\/wp-content\/uploads\/2025\/11\/tik-tok-svgrepo-com1.svg\" alt=\"\" width=\"54\" height=\"54\" \/><\/a><\/p>","protected":false},"excerpt":{"rendered":"<h2>Ulei pentru protectie lemn &#8211; 1 litru<\/h2>\n<p data-start=\"87\" data-end=\"412\"><strong data-start=\"87\" data-end=\"135\">Sigur pentru contact alimentar &amp; certificat:<\/strong><br data-start=\"135\" data-end=\"138\" \/>Produsul respect\u0103 <span class=\"hover:entity-accent entity-underline inline cursor-pointer align-baseline\"><span class=\"whitespace-normal\">Regulamentul (CE) nr. 1935\/2004<\/span><\/span>, standardul german <span class=\"hover:entity-accent entity-underline inline cursor-pointer align-baseline\"><span class=\"whitespace-normal\">LFGB<\/span><\/span> \u0219i <span class=\"hover:entity-accent entity-underline inline cursor-pointer align-baseline\"><span class=\"whitespace-normal\">Regulamentul (UE) nr. 10\/2011<\/span><\/span>. Testat independent \u00eentr-un laborator acreditat DAkkS, fiind sigur pentru suprafe\u021be care intr\u0103 \u00een contact cu alimentele.<\/p>\n<p data-start=\"414\" data-end=\"635\"><strong data-start=\"414\" data-end=\"449\">Protec\u021bie natural\u0103 pentru lemn:<\/strong><br data-start=\"449\" data-end=\"452\" \/>Lac de ulei de in de \u00eenalt\u0103 calitate, realizat din ulei de in fiert 100% natural. Ideal pentru impregnarea \u0219i \u00eentre\u021binerea suprafe\u021belor din lemn, at\u00e2t la interior, c\u00e2t \u0219i la exterior.<\/p>","protected":false},"featured_media":1616,"comment_status":"open","ping_status":"closed","template":"","meta":[],"product_brand":[],"product_cat":[21,23,25],"product_tag":[],"class_list":{"0":"post-1609","1":"product","2":"type-product","3":"status-publish","4":"has-post-thumbnail","6":"product_cat-rasina-epoxidica","7":"product_cat-recipiente-si-cutii-metalice","8":"product_cat-sclipici-flori-uscate-si-altele","10":"first","11":"instock","12":"shipping-taxable","13":"purchasable","14":"product-type-simple"},"_links":{"self":[{"href":"https:\/\/perfect-home.ro\/en\/wp-json\/wp\/v2\/product\/1609","targetHints":{"allow":["GET"]}}],"collection":[{"href":"https:\/\/perfect-home.ro\/en\/wp-json\/wp\/v2\/product"}],"about":[{"href":"https:\/\/perfect-home.ro\/en\/wp-json\/wp\/v2\/types\/product"}],"replies":[{"embeddable":true,"href":"https:\/\/perfect-home.ro\/en\/wp-json\/wp\/v2\/comments?post=1609"}],"wp:featuredmedia":[{"embeddable":true,"href":"https:\/\/perfect-home.ro\/en\/wp-json\/wp\/v2\/media\/1616"}],"wp:attachment":[{"href":"https:\/\/perfect-home.ro\/en\/wp-json\/wp\/v2\/media?parent=1609"}],"wp:term":[{"taxonomy":"product_brand","embeddable":true,"href":"https:\/\/perfect-home.ro\/en\/wp-json\/wp\/v2\/product_brand?post=1609"},{"taxonomy":"product_cat","embeddable":true,"href":"https:\/\/perfect-home.ro\/en\/wp-json\/wp\/v2\/product_cat?post=1609"},{"taxonomy":"product_tag","embeddable":true,"href":"https:\/\/perfect-home.ro\/en\/wp-json\/wp\/v2\/product_tag?post=1609"}],"curies":[{"name":"wp","href":"https:\/\/api.w.org\/{rel}","templated":true}]}}