{"id":1625,"date":"2026-04-16T17:50:05","date_gmt":"2026-04-16T17:50:05","guid":{"rendered":"https:\/\/perfect-home.ro\/?post_type=product&#038;p=1625"},"modified":"2026-04-16T17:51:11","modified_gmt":"2026-04-16T17:51:11","slug":"banda-adeziva-uv-mica","status":"publish","type":"product","link":"https:\/\/perfect-home.ro\/en\/product\/banda-adeziva-uv-mica\/","title":{"rendered":"Banda adeziva UV mica"},"content":{"rendered":"<h2>Banda adeziva UV mica<\/h2>\n<p data-start=\"58\" data-end=\"393\"><strong data-start=\"58\" data-end=\"90\">Band\u0103 f\u0103r\u0103 urme (traceless):<\/strong><br data-start=\"90\" data-end=\"93\" \/>Fiecare rol\u0103 are o lungime de 5 m \u0219i o l\u0103\u021bime de 5 cm. Banda nu las\u0103 urme, are un suport neted \u0219i plat care nu afecteaz\u0103 aspectul final al proiectului. Este compact\u0103 \u0219i u\u0219or de transportat \u00een geant\u0103. Rezist\u0103 la temperaturi de p\u00e2n\u0103 la 120\u00b0C (250\u00b0F) timp de 30 de minute, f\u0103r\u0103 a l\u0103sa reziduuri adezive.<\/p>\n<p data-start=\"395\" data-end=\"623\"><strong data-start=\"395\" data-end=\"421\">Invizibil\u0103 &amp; practic\u0103:<\/strong><br data-start=\"421\" data-end=\"424\" \/>Realizat\u0103 din film PET, banda este foarte adeziv\u0103, etan\u0219\u0103 \u0219i u\u0219or de aplicat sau \u00eendep\u0103rtat. Este ideal\u0103 pentru proiecte DIY, fiind aproape invizibil\u0103 \u0219i potrivit\u0103 pentru lucrul cu diverse materiale.<\/p>\n<p data-start=\"625\" data-end=\"881\"><strong data-start=\"625\" data-end=\"646\">U\u0219or de utilizat:<\/strong><br data-start=\"646\" data-end=\"649\" \/>Acoperit\u0103 cu adeziv acrilic, banda ofer\u0103 o aderen\u021b\u0103 puternic\u0103 \u0219i poate fi \u00eendep\u0103rtat\u0103 f\u0103r\u0103 urme. Este perfect\u0103 pentru lucr\u0103ri de bijuterii DIY, facilit\u00e2nd utilizarea ramelor (bezel) \u0219i contribuind la ob\u021binerea unei suprafe\u021be netede.<\/p>\n<p data-start=\"1087\" data-end=\"1322\" data-is-last-node=\"\" data-is-only-node=\"\"><strong data-start=\"1087\" data-end=\"1107\">Utilizare larg\u0103:<\/strong><br data-start=\"1107\" data-end=\"1110\" \/>Se folose\u0219te ca baz\u0103 pentru turnarea r\u0103\u0219inii \u00een matri\u021be din silicon cu spate deschis, prevenind scurgerile. Ideal\u0103 pentru crea\u021bii DIY din r\u0103\u0219in\u0103 epoxidic\u0103: pandantive, cercei, br\u0103\u021b\u0103ri sau alte obiecte decorative.<\/p>\n<p>Vezi \u0219i:\u00a0<a href=\"https:\/\/perfect-home.ro\/en\/categorii\/rasina-epoxidica\/\">R\u0103\u0219in\u0103 epoxidic\u0103 transparent\u0103<\/a><\/p>\n<p>Urm\u0103ri\u021bi-ne \u0219i pe:\u00a0<a href=\"https:\/\/www.facebook.com\/share\/1Gqno23cZH\/?mibextid=wwXIfr\" target=\"_blank\" rel=\"noopener\"><img decoding=\"async\" class=\"alignnone wp-image-714\" src=\"https:\/\/perfect-home.ro\/wp-content\/uploads\/2025\/11\/facebook-svgrepo-com1.svg\" alt=\"\" width=\"54\" height=\"54\" \/><\/a>\u00a0<a href=\"https:\/\/www.instagram.com\/perfect_home.ro?igsh=MWoxa2RsM3I3MHc2Zg%3D%3D&amp;utm_source=qr\" target=\"_blank\" rel=\"noopener\"><img decoding=\"async\" class=\"alignnone wp-image-713\" src=\"https:\/\/perfect-home.ro\/wp-content\/uploads\/2025\/11\/instagram-svgrepo-com1.svg\" alt=\"\" width=\"54\" height=\"54\" \/><\/a>\u00a0<a href=\"https:\/\/www.tiktok.com\/@perfecthome.ro?_r=1&amp;_t=ZN-91TdO6EBsjG\" target=\"_blank\" rel=\"noopener\"><img decoding=\"async\" class=\"alignnone wp-image-712\" src=\"https:\/\/perfect-home.ro\/wp-content\/uploads\/2025\/11\/tik-tok-svgrepo-com1.svg\" alt=\"\" width=\"54\" height=\"54\" \/><\/a><\/p>","protected":false},"excerpt":{"rendered":"<h2>Banda adeziva UV mica<\/h2>\n<p data-start=\"58\" data-end=\"393\"><strong data-start=\"58\" data-end=\"90\">Band\u0103 f\u0103r\u0103 urme (traceless):<\/strong><br data-start=\"90\" data-end=\"93\" \/>Fiecare rol\u0103 are o lungime de 5 m \u0219i o l\u0103\u021bime de 5 cm. Banda nu las\u0103 urme, are un suport neted \u0219i plat care nu afecteaz\u0103 aspectul final al proiectului. Este compact\u0103 \u0219i u\u0219or de transportat \u00een geant\u0103. Rezist\u0103 la temperaturi de p\u00e2n\u0103 la 120\u00b0C (250\u00b0F) timp de 30 de minute, f\u0103r\u0103 a l\u0103sa reziduuri adezive.<\/p>","protected":false},"featured_media":1627,"comment_status":"open","ping_status":"closed","template":"","meta":[],"product_brand":[],"product_cat":[26,21,25],"product_tag":[],"class_list":{"0":"post-1625","1":"product","2":"type-product","3":"status-publish","4":"has-post-thumbnail","6":"product_cat-diverse-accesorii","7":"product_cat-rasina-epoxidica","8":"product_cat-sclipici-flori-uscate-si-altele","10":"first","11":"instock","12":"shipping-taxable","13":"purchasable","14":"product-type-simple"},"_links":{"self":[{"href":"https:\/\/perfect-home.ro\/en\/wp-json\/wp\/v2\/product\/1625","targetHints":{"allow":["GET"]}}],"collection":[{"href":"https:\/\/perfect-home.ro\/en\/wp-json\/wp\/v2\/product"}],"about":[{"href":"https:\/\/perfect-home.ro\/en\/wp-json\/wp\/v2\/types\/product"}],"replies":[{"embeddable":true,"href":"https:\/\/perfect-home.ro\/en\/wp-json\/wp\/v2\/comments?post=1625"}],"wp:featuredmedia":[{"embeddable":true,"href":"https:\/\/perfect-home.ro\/en\/wp-json\/wp\/v2\/media\/1627"}],"wp:attachment":[{"href":"https:\/\/perfect-home.ro\/en\/wp-json\/wp\/v2\/media?parent=1625"}],"wp:term":[{"taxonomy":"product_brand","embeddable":true,"href":"https:\/\/perfect-home.ro\/en\/wp-json\/wp\/v2\/product_brand?post=1625"},{"taxonomy":"product_cat","embeddable":true,"href":"https:\/\/perfect-home.ro\/en\/wp-json\/wp\/v2\/product_cat?post=1625"},{"taxonomy":"product_tag","embeddable":true,"href":"https:\/\/perfect-home.ro\/en\/wp-json\/wp\/v2\/product_tag?post=1625"}],"curies":[{"name":"wp","href":"https:\/\/api.w.org\/{rel}","templated":true}]}}