{"id":1631,"date":"2026-04-16T18:10:41","date_gmt":"2026-04-16T18:10:41","guid":{"rendered":"https:\/\/perfect-home.ro\/?post_type=product&#038;p=1631"},"modified":"2026-04-16T18:16:08","modified_gmt":"2026-04-16T18:16:08","slug":"pudra-mica-pigment-antique-gold-20g","status":"publish","type":"product","link":"https:\/\/perfect-home.ro\/en\/product\/pudra-mica-pigment-antique-gold-20g\/","title":{"rendered":"Pudra Mica Pigment Antique Gold \u2013 20g"},"content":{"rendered":"<h2>Pudra Mica Pigment Antique Gold \u2013 20g<\/h2>\n<p data-start=\"71\" data-end=\"440\">Adaug\u0103 un efect metalic premium proiectelor tale creative cu pudra metalic\u0103 <strong data-start=\"147\" data-end=\"171\">LET\u2019S RESIN<\/strong>, un pigment profesional conceput special pentru lucr\u0103ri din r\u0103\u0219in\u0103 epoxidic\u0103, modelaj, artizanat sau decora\u021biuni handmade. Formula sa ultra-fin\u0103 asigur\u0103 un luciu intens, uniform \u0219i rezistent, transform\u00e2nd orice suprafa\u021b\u0103 \u00eentr-o pies\u0103 cu aspect sofisticat, metalizat.<\/p>\n<p data-start=\"442\" data-end=\"879\">Pigmentul are o nuan\u021b\u0103 bogat\u0103, ideal\u0103 pentru ob\u021binerea unui finisaj elegant, antic sau industrial, \u00een func\u021bie de aplica\u021bie. Datorit\u0103 concentra\u021biei ridicate de pigment, este suficient\u0103 o cantitate mic\u0103 pentru a oferi culoare puternic\u0103 \u0219i efect reflectorizant. Ambalat \u00eentr-un recipient compact de <strong data-start=\"747\" data-end=\"755\">20ml<\/strong>, produsul este u\u0219or de depozitat \u0219i utilizat, fiind potrivit at\u00e2t pentru \u00eencep\u0103tori, c\u00e2t \u0219i pentru arti\u0219ti profesioni\u0219ti.<\/p>\n<p data-start=\"881\" data-end=\"908\"><strong data-start=\"881\" data-end=\"906\">Caracteristici cheie:<\/strong><\/p>\n<ul data-start=\"909\" data-end=\"1150\">\n<li data-start=\"909\" data-end=\"950\">\n<p data-start=\"911\" data-end=\"950\">Pigment metalic fin<\/p>\n<\/li>\n<li data-start=\"951\" data-end=\"978\">\n<p data-start=\"953\" data-end=\"978\">Luciu intens \u0219i uniform<\/p>\n<\/li>\n<li data-start=\"979\" data-end=\"1055\">\n<p data-start=\"981\" data-end=\"1055\">Potrivit pentru r\u0103\u0219in\u0103 epoxidic\u0103, turnare, sculpturi, art\u0103 3D, ornamente<\/p>\n<\/li>\n<li data-start=\"1056\" data-end=\"1122\">\n<p data-start=\"1058\" data-end=\"1122\">Doar o cantitate mic\u0103 este necesar\u0103 pentru rezultate de impact<\/p>\n<\/li>\n<li data-start=\"1123\" data-end=\"1150\">\n<p data-start=\"1125\" data-end=\"1150\">Ambalaj practic de 20ml<\/p>\n<\/li>\n<\/ul>\n<h2 data-start=\"1157\" data-end=\"1185\">Instruc\u021biuni de utilizare<\/h2>\n<h3 data-start=\"1187\" data-end=\"1223\">1. Utilizare \u00een r\u0103\u0219in\u0103 epoxidic\u0103<\/h3>\n<ol data-start=\"1224\" data-end=\"1554\">\n<li data-start=\"1224\" data-end=\"1319\">\n<p data-start=\"1227\" data-end=\"1319\">Preg\u0103te\u0219te r\u0103\u0219ina conform instruc\u021biunilor produc\u0103torului (amestec\u0103 r\u0103\u0219ina cu \u00eent\u0103ritorul).<\/p>\n<\/li>\n<li data-start=\"1320\" data-end=\"1374\">\n<p data-start=\"1323\" data-end=\"1374\">Adaug\u0103 pudr\u0103 metalic\u0103 treptat, \u00een cantit\u0103\u021bi mici.<\/p>\n<\/li>\n<li data-start=\"1375\" data-end=\"1431\">\n<p data-start=\"1378\" data-end=\"1431\">Amestec\u0103 bine pentru a evita formarea de cocoloa\u0219e.<\/p>\n<\/li>\n<li data-start=\"1432\" data-end=\"1499\">\n<p data-start=\"1435\" data-end=\"1499\">Ajusteaz\u0103 cantitatea p\u00e2n\u0103 ob\u021bii intensitatea dorit\u0103 a culorii.<\/p>\n<\/li>\n<li data-start=\"1500\" data-end=\"1554\">\n<p data-start=\"1503\" data-end=\"1554\">Toarn\u0103 r\u0103\u0219ina \u00een matri\u021be sau pe suprafa\u021ba dorit\u0103.<\/p>\n<\/li>\n<\/ol>\n<p data-start=\"1556\" data-end=\"1665\"><strong data-start=\"1556\" data-end=\"1572\">Recomandare:<\/strong> 1\u20133% pigment din volumul r\u0103\u0219inii este \u00een general suficient pentru un efect metallic bogat.<\/p>\n<h3 data-start=\"1667\" data-end=\"1713\">2. Utilizare pentru decorarea suprafe\u021belor<\/h3>\n<ol data-start=\"1714\" data-end=\"1930\">\n<li data-start=\"1714\" data-end=\"1791\">\n<p data-start=\"1717\" data-end=\"1791\">Aplic\u0103 pudra pe suprafa\u021ba dorit\u0103 cu pensul\u0103, burete sau aplicator moale.<\/p>\n<\/li>\n<li data-start=\"1792\" data-end=\"1864\">\n<p data-start=\"1795\" data-end=\"1864\">Pentru o aderen\u021b\u0103 mai bun\u0103, folose\u0219te un adeziv sau lac compatibil.<\/p>\n<\/li>\n<li data-start=\"1865\" data-end=\"1930\">\n<p data-start=\"1868\" data-end=\"1930\">Sigileaz\u0103 cu un strat de lac protector, pentru durabilitate.<\/p>\n<\/li>\n<\/ol>\n<h3 data-start=\"1932\" data-end=\"1963\">3. Mixare cu alte materiale<\/h3>\n<p data-start=\"1964\" data-end=\"1998\">Pudra poate fi amestecat\u0103 \u0219i cu:<\/p>\n<ul data-start=\"1999\" data-end=\"2062\">\n<li data-start=\"1999\" data-end=\"2019\">\n<p data-start=\"2001\" data-end=\"2019\">vopsele acrilice<\/p>\n<\/li>\n<li data-start=\"2020\" data-end=\"2040\">\n<p data-start=\"2022\" data-end=\"2040\">paste de modelaj<\/p>\n<\/li>\n<li data-start=\"2041\" data-end=\"2062\">\n<p data-start=\"2043\" data-end=\"2062\">geluri decorative<\/p>\n<\/li>\n<\/ul>\n<p data-start=\"2064\" data-end=\"2145\">Asigur\u0103-te c\u0103 materialul are consisten\u021ba potrivit\u0103 pentru o dispersie uniform\u0103.<\/p>\n<h2 data-start=\"2152\" data-end=\"2168\">Sfaturi utile<\/h2>\n<ul data-start=\"2169\" data-end=\"2433\">\n<li data-start=\"2169\" data-end=\"2236\">\n<p data-start=\"2171\" data-end=\"2236\">Agit\u0103 recipientul \u00eenainte de utilizare pentru dispersie optim\u0103.<\/p>\n<\/li>\n<li data-start=\"2237\" data-end=\"2311\">\n<p data-start=\"2239\" data-end=\"2311\">Utilizeaz\u0103 m\u0103nu\u0219i \u0219i masc\u0103 pentru a evita inhalarea particulelor fine.<\/p>\n<\/li>\n<li data-start=\"2312\" data-end=\"2366\">\n<p data-start=\"2314\" data-end=\"2366\">Evit\u0103 contactul cu umezeala \u00eenainte de amestecare.<\/p>\n<\/li>\n<li data-start=\"2367\" data-end=\"2433\">\n<p data-start=\"2369\" data-end=\"2433\">\u00cenchide bine capacul dup\u0103 utilizare pentru a preveni oxidarea.<\/p>\n<\/li>\n<\/ul>\n<h2 data-start=\"2440\" data-end=\"2464\">Aplica\u021bii recomandate<\/h2>\n<ul data-start=\"2465\" data-end=\"2625\">\n<li data-start=\"2465\" data-end=\"2487\">\n<p data-start=\"2467\" data-end=\"2487\">Bijuterii handmade<\/p>\n<\/li>\n<li data-start=\"2488\" data-end=\"2521\">\n<p data-start=\"2490\" data-end=\"2521\">Obiecte decorative din r\u0103\u0219in\u0103<\/p>\n<\/li>\n<li data-start=\"2522\" data-end=\"2563\">\n<p data-start=\"2524\" data-end=\"2563\">Sculpturi, figurine, proiecte cosplay<\/p>\n<\/li>\n<li data-start=\"2564\" data-end=\"2604\">\n<p data-start=\"2566\" data-end=\"2604\">Decoruri interioare, rame, reliefuri<\/p>\n<\/li>\n<li data-start=\"2605\" data-end=\"2625\">\n<p data-start=\"2607\" data-end=\"2625\">DIY &amp; art\u0103 mixt\u0103<\/p>\n<\/li>\n<\/ul>\n<p data-start=\"2632\" data-end=\"2881\"><strong data-start=\"2632\" data-end=\"2670\">LET\u2019S RESIN Metallic Powder <\/strong>\u00a0este un pigment profesional care ofer\u0103 rezultate vizibile imediat, f\u0103r\u0103 efort, transform\u00e2nd proiectele creative \u00een piese cu aspect metalizat de lux. Perfect pentru arti\u0219ti, designeri \u0219i pasiona\u021bi de handmade.<\/p>\n<p>Vezi \u0219i: <a href=\"https:\/\/perfect-home.ro\/en\/categorii\/rasina-epoxidica\/\">R\u0103\u0219in\u0103 epoxidic\u0103 transparent\u0103<\/a><\/p>\n<p>Urm\u0103ri\u021bi-ne \u0219i pe: <a href=\"https:\/\/www.facebook.com\/share\/1Gqno23cZH\/?mibextid=wwXIfr\" target=\"_blank\" rel=\"noopener\"><img decoding=\"async\" class=\"alignnone wp-image-714\" src=\"https:\/\/perfect-home.ro\/wp-content\/uploads\/2025\/11\/facebook-svgrepo-com1.svg\" alt=\"\" width=\"54\" height=\"54\" \/><\/a>\u00a0<a href=\"https:\/\/www.instagram.com\/perfect_home.ro?igsh=MWoxa2RsM3I3MHc2Zg%3D%3D&amp;utm_source=qr\" target=\"_blank\" rel=\"noopener\"><img decoding=\"async\" class=\"alignnone wp-image-713\" src=\"https:\/\/perfect-home.ro\/wp-content\/uploads\/2025\/11\/instagram-svgrepo-com1.svg\" alt=\"\" width=\"54\" height=\"54\" \/><\/a>\u00a0<a href=\"https:\/\/www.tiktok.com\/@perfecthome.ro?_r=1&amp;_t=ZN-91TdO6EBsjG\" target=\"_blank\" rel=\"noopener\"><img decoding=\"async\" class=\"alignnone wp-image-712\" src=\"https:\/\/perfect-home.ro\/wp-content\/uploads\/2025\/11\/tik-tok-svgrepo-com1.svg\" alt=\"\" width=\"54\" height=\"54\" \/><\/a><\/p>","protected":false},"excerpt":{"rendered":"<h2>Pudra Mica Pigment Antique Gold \u2013 20g<\/h2>\n<p data-start=\"71\" data-end=\"440\">Adaug\u0103 un efect metalic premium proiectelor tale creative cu pudra metalic\u0103 <strong data-start=\"147\" data-end=\"171\">LET\u2019S RESIN<\/strong>, un pigment profesional conceput special pentru lucr\u0103ri din r\u0103\u0219in\u0103 epoxidic\u0103, modelaj, artizanat sau decora\u021biuni handmade. Formula sa ultra-fin\u0103 asigur\u0103 un luciu intens, uniform \u0219i rezistent, transform\u00e2nd orice suprafa\u021b\u0103 \u00eentr-o pies\u0103 cu aspect sofisticat, metalizat.<\/p>\n<p data-start=\"442\" data-end=\"879\">Pigmentul are o nuan\u021b\u0103 bogat\u0103, ideal\u0103 pentru ob\u021binerea unui finisaj elegant, antic sau industrial, \u00een func\u021bie de aplica\u021bie. Datorit\u0103 concentra\u021biei ridicate de pigment, este suficient\u0103 o cantitate mic\u0103 pentru a oferi culoare puternic\u0103 \u0219i efect reflectorizant. Ambalat \u00eentr-un recipient compact de <strong data-start=\"747\" data-end=\"755\">20ml<\/strong>, produsul este u\u0219or de depozitat \u0219i utilizat, fiind potrivit at\u00e2t pentru \u00eencep\u0103tori, c\u00e2t \u0219i pentru arti\u0219ti profesioni\u0219ti.<\/p>","protected":false},"featured_media":1632,"comment_status":"open","ping_status":"closed","template":"","meta":[],"product_brand":[],"product_cat":[36],"product_tag":[],"class_list":{"0":"post-1631","1":"product","2":"type-product","3":"status-publish","4":"has-post-thumbnail","6":"product_cat-pigmenti-pudra","8":"first","9":"instock","10":"shipping-taxable","11":"purchasable","12":"product-type-simple"},"_links":{"self":[{"href":"https:\/\/perfect-home.ro\/en\/wp-json\/wp\/v2\/product\/1631","targetHints":{"allow":["GET"]}}],"collection":[{"href":"https:\/\/perfect-home.ro\/en\/wp-json\/wp\/v2\/product"}],"about":[{"href":"https:\/\/perfect-home.ro\/en\/wp-json\/wp\/v2\/types\/product"}],"replies":[{"embeddable":true,"href":"https:\/\/perfect-home.ro\/en\/wp-json\/wp\/v2\/comments?post=1631"}],"wp:featuredmedia":[{"embeddable":true,"href":"https:\/\/perfect-home.ro\/en\/wp-json\/wp\/v2\/media\/1632"}],"wp:attachment":[{"href":"https:\/\/perfect-home.ro\/en\/wp-json\/wp\/v2\/media?parent=1631"}],"wp:term":[{"taxonomy":"product_brand","embeddable":true,"href":"https:\/\/perfect-home.ro\/en\/wp-json\/wp\/v2\/product_brand?post=1631"},{"taxonomy":"product_cat","embeddable":true,"href":"https:\/\/perfect-home.ro\/en\/wp-json\/wp\/v2\/product_cat?post=1631"},{"taxonomy":"product_tag","embeddable":true,"href":"https:\/\/perfect-home.ro\/en\/wp-json\/wp\/v2\/product_tag?post=1631"}],"curies":[{"name":"wp","href":"https:\/\/api.w.org\/{rel}","templated":true}]}}