{"id":781,"date":"2025-12-06T20:58:04","date_gmt":"2025-12-06T20:58:04","guid":{"rendered":"https:\/\/perfect-home.ro\/?post_type=product&#038;p=781"},"modified":"2026-01-25T17:10:43","modified_gmt":"2026-01-25T17:10:43","slug":"pigment-lichid-10-ml-sapphire-blue","status":"publish","type":"product","link":"https:\/\/perfect-home.ro\/en\/product\/pigment-lichid-10-ml-sapphire-blue\/","title":{"rendered":"Pigment lichid 10 ml Sapphire Blue"},"content":{"rendered":"<h2 data-start=\"180\" data-end=\"512\">Pigment lichid 10 ml Sapphire Blue<\/h2>\n<p data-start=\"180\" data-end=\"512\">Transform\u0103-\u021bi proiectele creative cu gama noastr\u0103 de pigmen\u021bi concentra\u021bi pentru r\u0103\u0219in\u0103 epoxidic\u0103 \u0219i r\u0103\u0219in\u0103 UV, disponibili \u00een multiple culori vibrante. Formula lor de \u00eenalt\u0103 calitate ofer\u0103 o colorare intens\u0103, uniform\u0103 \u0219i durabil\u0103, ideal\u0103 pentru bijuterii, decora\u021biuni, accesorii handmade, turn\u0103ri artistice \u0219i diverse proiecte DIY.<\/p>\n<p data-start=\"514\" data-end=\"544\"><strong data-start=\"514\" data-end=\"544\">Caracteristici principale:<\/strong><\/p>\n<ul data-start=\"545\" data-end=\"761\">\n<li data-start=\"545\" data-end=\"577\">\n<p data-start=\"547\" data-end=\"577\">Recipient de <strong data-start=\"560\" data-end=\"577\">10ml \/ 0.35oz<\/strong><\/p>\n<\/li>\n<li data-start=\"578\" data-end=\"629\">\n<p data-start=\"580\" data-end=\"629\">Potrivi\u021bi pentru <strong data-start=\"597\" data-end=\"629\">r\u0103\u0219in\u0103 epoxidic\u0103 &amp; r\u0103\u0219in\u0103 UV<\/strong><\/p>\n<\/li>\n<li data-start=\"630\" data-end=\"680\">\n<p data-start=\"632\" data-end=\"680\"><strong data-start=\"632\" data-end=\"655\">Pigment concentra\u021bi<\/strong> pentru culoare puternic\u0103<\/p>\n<\/li>\n<li data-start=\"681\" data-end=\"717\">\n<p data-start=\"683\" data-end=\"717\">Textur\u0103 omogen\u0103, u\u0219or de amestecat<\/p>\n<\/li>\n<li data-start=\"718\" data-end=\"761\">\n<p data-start=\"720\" data-end=\"761\">Disponibili \u00eentr-o gam\u0103 variat\u0103 de culori<\/p>\n<\/li>\n<\/ul>\n<p data-start=\"763\" data-end=\"777\"><strong data-start=\"763\" data-end=\"777\">Beneficii:<\/strong><\/p>\n<ul data-start=\"778\" data-end=\"961\">\n<li data-start=\"778\" data-end=\"818\">\n<p data-start=\"780\" data-end=\"818\">Culoare intens\u0103, uniform\u0103 \u0219i f\u0103r\u0103 pete<\/p>\n<\/li>\n<li data-start=\"819\" data-end=\"859\">\n<p data-start=\"821\" data-end=\"859\">Dozare u\u0219oar\u0103 pentru ajustarea nuan\u021bei<\/p>\n<\/li>\n<li data-start=\"860\" data-end=\"916\">\n<p data-start=\"862\" data-end=\"916\">Se amestec\u0103 rapid \u0219i nu afecteaz\u0103 procesul de \u00eent\u0103rire<\/p>\n<\/li>\n<li data-start=\"917\" data-end=\"961\">\n<p data-start=\"919\" data-end=\"961\">Perfect pentru \u00eencep\u0103tori \u0219i profesioni\u0219ti<\/p>\n<\/li>\n<\/ul>\n<p data-start=\"963\" data-end=\"1177\"><strong data-start=\"963\" data-end=\"993\">Instruc\u021biuni de utilizare:<\/strong><br \/>\nAgit\u0103 bine \u00eenainte de utilizare. Adaug\u0103 treptat pigmentul \u00een r\u0103\u0219in\u0103 p\u00e2n\u0103 ob\u021bii intensitatea dorit\u0103 \u0219i amestec\u0103 uniform. Recomand\u0103m purtarea de m\u0103nu\u0219i \u0219i lucrul \u00eentr-un mediu ventilat.<\/p>\n<p data-start=\"1179\" data-end=\"1332\">Alege culorile preferate \u0219i d\u0103 via\u021b\u0103 proiectelor tale cu pigmen\u021bii no\u0219tri pentru r\u0103\u0219in\u0103 \u2013 solu\u021bia ideal\u0103 pentru rezultate spectaculoase \u0219i personalizate!<\/p>\n<p data-start=\"1135\" data-end=\"1273\">Incearca si <a href=\"https:\/\/perfect-home.ro\/en\/produs\/pigment-lichid-pentru-rasina-epoxidica-10-ml-black\/\">Pigment Lichid Negru<\/a><\/p>\n<p data-start=\"1135\" data-end=\"1273\">Urmariti-ne pe <a href=\"https:\/\/www.facebook.com\/share\/1Gqno23cZH\/?mibextid=wwXIfr\" target=\"_blank\" rel=\"noopener\"><img decoding=\"async\" class=\"alignnone wp-image-714\" src=\"https:\/\/perfect-home.ro\/wp-content\/uploads\/2025\/11\/facebook-svgrepo-com1.svg\" alt=\"\" width=\"54\" height=\"54\" \/><\/a> <a href=\"https:\/\/www.instagram.com\/perfect_home.ro?igsh=MWoxa2RsM3I3MHc2Zg%3D%3D&amp;utm_source=qr\" target=\"_blank\" rel=\"noopener\"><img decoding=\"async\" class=\"alignnone wp-image-713\" src=\"https:\/\/perfect-home.ro\/wp-content\/uploads\/2025\/11\/instagram-svgrepo-com1.svg\" alt=\"\" width=\"54\" height=\"54\" \/><\/a> <a href=\"https:\/\/www.tiktok.com\/@perfecthome.ro?_r=1&amp;_t=ZN-91TdO6EBsjG\" target=\"_blank\" rel=\"noopener\"><img decoding=\"async\" class=\"alignnone wp-image-712\" src=\"https:\/\/perfect-home.ro\/wp-content\/uploads\/2025\/11\/tik-tok-svgrepo-com1.svg\" alt=\"\" width=\"54\" height=\"54\" \/><\/a><\/p>","protected":false},"excerpt":{"rendered":"<h2>Pigment lichid 10 ml Sapphire Blue<\/h2>\n<p>Transform\u0103-\u021bi proiectele creative cu gama noastr\u0103 de pigmen\u021bi concentra\u021bi pentru r\u0103\u0219in\u0103 epoxidic\u0103 \u0219i r\u0103\u0219in\u0103 UV, disponibili \u00een multiple culori vibrante. Formula lor de \u00eenalt\u0103 calitate ofer\u0103 o colorare intens\u0103, uniform\u0103 \u0219i durabil\u0103, ideal\u0103 pentru bijuterii, decora\u021biuni, accesorii handmade, turn\u0103ri artistice \u0219i diverse proiecte DIY.<\/p>","protected":false},"featured_media":782,"comment_status":"open","ping_status":"closed","template":"","meta":[],"product_brand":[],"product_cat":[35],"product_tag":[],"class_list":{"0":"post-781","1":"product","2":"type-product","3":"status-publish","4":"has-post-thumbnail","6":"product_cat-pigmenti-lichizi","8":"first","9":"instock","10":"sale","11":"shipping-taxable","12":"purchasable","13":"product-type-simple"},"_links":{"self":[{"href":"https:\/\/perfect-home.ro\/en\/wp-json\/wp\/v2\/product\/781","targetHints":{"allow":["GET"]}}],"collection":[{"href":"https:\/\/perfect-home.ro\/en\/wp-json\/wp\/v2\/product"}],"about":[{"href":"https:\/\/perfect-home.ro\/en\/wp-json\/wp\/v2\/types\/product"}],"replies":[{"embeddable":true,"href":"https:\/\/perfect-home.ro\/en\/wp-json\/wp\/v2\/comments?post=781"}],"wp:featuredmedia":[{"embeddable":true,"href":"https:\/\/perfect-home.ro\/en\/wp-json\/wp\/v2\/media\/782"}],"wp:attachment":[{"href":"https:\/\/perfect-home.ro\/en\/wp-json\/wp\/v2\/media?parent=781"}],"wp:term":[{"taxonomy":"product_brand","embeddable":true,"href":"https:\/\/perfect-home.ro\/en\/wp-json\/wp\/v2\/product_brand?post=781"},{"taxonomy":"product_cat","embeddable":true,"href":"https:\/\/perfect-home.ro\/en\/wp-json\/wp\/v2\/product_cat?post=781"},{"taxonomy":"product_tag","embeddable":true,"href":"https:\/\/perfect-home.ro\/en\/wp-json\/wp\/v2\/product_tag?post=781"}],"curies":[{"name":"wp","href":"https:\/\/api.w.org\/{rel}","templated":true}]}}